{"id":16622,"date":"2024-02-25T10:08:49","date_gmt":"2024-02-25T08:08:49","guid":{"rendered":"https:\/\/omakujustus.ee\/?post_type=product&#038;p=16622"},"modified":"2026-03-20T12:08:33","modified_gmt":"2026-03-20T10:08:33","slug":"disaini-ise-t-sark-naiste-liibuv-t-sark-womens-slim-fit-tee","status":"publish","type":"product","link":"https:\/\/omakujustus.ee\/et\/product\/disaini-ise-t-sark-naiste-liibuv-t-sark-womens-slim-fit-tee\/","title":{"rendered":"DISAINI ISE naiste t-s\u00e4rk naiste liibuv t-s\u00e4rk Women&#8217;s Slim Fit Tee \/ L\u00d5PUM\u00dc\u00dcK"},"content":{"rendered":"<p>Disaini ise naiste t-s\u00e4rk selliselt, nagu seda soovid. Disaini ise programmis saad ise kujundada v\u00f5i laadida \u00fcles juba valmis disain. Kui soovid disainida k\u00e4iseid v\u00f5i ala, mida programmis ei v\u00f5imaldata, kirjuta meile oma soovist t\u00e4psemalt info@omakujustus.ee.<\/p>\n<p>Naiste t-s\u00e4rk on valmistatud uskumatult pehmest ja m\u00f5nusalt venivast, patenteeritud Airlume puuvillast. Igap\u00e4evase mugavuse tagamiseks on l\u00fchikeste k\u00e4istega t-s\u00e4rk Unisex Jersey sileda pinnaga ja m\u00f5jub naha vastas eriti pehmelt.<\/p>\n<p>Materjal: 100% Airlume puuvill;<br \/>\n<em>Athletic Heather: 90% puuvill, 10% pol\u00fcester;<\/em><br \/>\nMaterjali paksus: 142 g\/m\u00b2<\/p>\n<p>Slim fit<\/p>\n<p><img loading=\"lazy\" decoding=\"async\" class=\"alignnone wp-image-15174\" src=\"https:\/\/omakujustus.ee\/wp-content\/uploads\/2024\/01\/size-moodud-300x114.jpg\" alt=\"\" width=\"400\" height=\"152\" srcset=\"https:\/\/omakujustus.ee\/wp-content\/uploads\/2024\/01\/size-moodud-300x114.jpg 300w, https:\/\/omakujustus.ee\/wp-content\/uploads\/2024\/01\/size-moodud-800x305.jpg 800w, https:\/\/omakujustus.ee\/wp-content\/uploads\/2024\/01\/size-moodud-64x24.jpg 64w, https:\/\/omakujustus.ee\/wp-content\/uploads\/2024\/01\/size-moodud-1024x391.jpg 1024w, https:\/\/omakujustus.ee\/wp-content\/uploads\/2024\/01\/size-moodud-768x293.jpg 768w, https:\/\/omakujustus.ee\/wp-content\/uploads\/2024\/01\/size-moodud-1536x586.jpg 1536w, https:\/\/omakujustus.ee\/wp-content\/uploads\/2024\/01\/size-moodud-18x7.jpg 18w, https:\/\/omakujustus.ee\/wp-content\/uploads\/2024\/01\/size-moodud.jpg 2000w\" sizes=\"auto, (max-width: 400px) 100vw, 400px\" \/><\/p>\n<table>\n<tbody>\n<tr>\n<td><b>Suurus<\/b><\/td>\n<td><b>S<\/b><\/td>\n<td><b>M<\/b><\/td>\n<td><b>L<\/b><\/td>\n<td><b>XL<\/b><\/td>\n<\/tr>\n<tr>\n<td><b>A \u00bd rind<\/b><\/td>\n<td><span style=\"font-weight: 400;\">40.5<\/span><\/td>\n<td><span style=\"font-weight: 400;\">42.5<\/span><\/td>\n<td><span style=\"font-weight: 400;\">45<\/span><\/td>\n<td><span style=\"font-weight: 400;\">47.5<\/span><\/td>\n<\/tr>\n<tr>\n<td><b>B Pikkus<\/b><\/td>\n<td><span style=\"font-weight: 400;\">66.5<\/span><\/td>\n<td><span style=\"font-weight: 400;\">68<\/span><\/td>\n<td><span style=\"font-weight: 400;\">69.5<\/span><\/td>\n<td><span style=\"font-weight: 400;\">71<\/span><\/td>\n<\/tr>\n<\/tbody>\n<\/table>\n","protected":false},"excerpt":{"rendered":"<p>DISAINI ISE naiste t-s\u00e4rk, naiste liibuv t-s\u00e4rk.<br \/>\nTr\u00fcki hind \u00fchel poolel 12\u20ac<\/p>\n<ol>\n<li>vali suurus ja v\u00e4rv<\/li>\n<li>vajuta \u201cDISAINI ISE\u201d nuppu<\/li>\n<li>lisa tekst ja\/v\u00f5i pilt<\/li>\n<li>telli \ud83d\ude42<\/li>\n<\/ol>\n<p>Antud tootel on <span style=\"color: #ff0000;\"><strong>KIIRT\u00d6\u00d6 V\u00d5IMALUS<\/strong><\/span> &#8211;\u00a0 lisa toode <strong><a title=\"Kiirt\u00f6\u00f6 tr\u00fckk 1-2 t\u00f6p\u00e4evaga\" href=\"https:\/\/omakujustus.ee\/et\/product\/sos-kiirtoo-trukk-1-2-toopaeva\/\" target=\"_blank\" rel=\"noopener\"><span style=\"text-decoration: underline;\">SOS kiirt\u00f6\u00f6<\/span><\/a><\/strong> koos disainitud tootega oma ostukorvi.<\/p>\n","protected":false},"featured_media":6671,"template":"","meta":{"_acf_changed":false,"om_disable_all_campaigns":false,"_monsterinsights_skip_tracking":false,"_monsterinsights_sitenote_active":false,"_monsterinsights_sitenote_note":"","_monsterinsights_sitenote_category":0,"site-sidebar-layout":"default","site-content-layout":"default","ast-site-content-layout":"default","site-content-style":"default","site-sidebar-style":"default","ast-global-header-display":"","ast-banner-title-visibility":"","ast-main-header-display":"","ast-hfb-above-header-display":"","ast-hfb-below-header-display":"","ast-hfb-mobile-header-display":"","site-post-title":"","ast-breadcrumbs-content":"","ast-featured-img":"","footer-sml-layout":"","theme-transparent-header-meta":"default","adv-header-id-meta":"","stick-header-meta":"","header-above-stick-meta":"","header-main-stick-meta":"","header-below-stick-meta":"","astra-migrate-meta-layouts":"set","ast-page-background-enabled":"default","ast-page-background-meta":{"desktop":{"background-color":"","background-image":"","background-repeat":"repeat","background-position":"center center","background-size":"auto","background-attachment":"scroll","background-type":"","background-media":"","overlay-type":"","overlay-color":"","overlay-opacity":"","overlay-gradient":""},"tablet":{"background-color":"","background-image":"","background-repeat":"repeat","background-position":"center center","background-size":"auto","background-attachment":"scroll","background-type":"","background-media":"","overlay-type":"","overlay-color":"","overlay-opacity":"","overlay-gradient":""},"mobile":{"background-color":"","background-image":"","background-repeat":"repeat","background-position":"center center","background-size":"auto","background-attachment":"scroll","background-type":"","background-media":"","overlay-type":"","overlay-color":"","overlay-opacity":"","overlay-gradient":""}},"ast-content-background-meta":{"desktop":{"background-color":"var(--ast-global-color-5)","background-image":"","background-repeat":"repeat","background-position":"center center","background-size":"auto","background-attachment":"scroll","background-type":"","background-media":"","overlay-type":"","overlay-color":"","overlay-opacity":"","overlay-gradient":""},"tablet":{"background-color":"var(--ast-global-color-5)","background-image":"","background-repeat":"repeat","background-position":"center center","background-size":"auto","background-attachment":"scroll","background-type":"","background-media":"","overlay-type":"","overlay-color":"","overlay-opacity":"","overlay-gradient":""},"mobile":{"background-color":"var(--ast-global-color-5)","background-image":"","background-repeat":"repeat","background-position":"center center","background-size":"auto","background-attachment":"scroll","background-type":"","background-media":"","overlay-type":"","overlay-color":"","overlay-opacity":"","overlay-gradient":""}}},"product_brand":[],"product_cat":[713,1038],"product_tag":[],"class_list":{"0":"post-16622","1":"product","2":"type-product","3":"status-publish","4":"has-post-thumbnail","6":"product_cat-disaini-ise","7":"product_cat-disaini-ise-t-sargid","8":"pa_kaelus-umar-kaelus","9":"pa_kaised-luhikesed-kaised","10":"pa_materjal-kombineeritud-kangas","11":"pa_materjal-puuvill","12":"pa_pikkus-pikem-loige","13":"pa_sugu-naiste","14":"pa_suurus-l","15":"pa_suurus-m","16":"pa_suurus-s","17":"pa_suurus-xl","18":"pa_tegumood-slim-fit","19":"pa_toote-tuup-t-sark","20":"pa_varv-berry","21":"pa_varv-black","22":"pa_varv-kelly-green","23":"pa_varv-navy","24":"pa_varv-red","25":"pa_varv-true-royal","26":"pa_varv-white","27":"desktop-align-left","28":"tablet-align-left","29":"mobile-align-left","31":"first","32":"instock","33":"sale","34":"taxable","35":"shipping-taxable","36":"purchasable","37":"product-type-variable","38":"has-default-attributes","39":"wvs-archive-product-wrapper"},"acf":[],"aioseo_notices":[],"_links":{"self":[{"href":"https:\/\/omakujustus.ee\/et\/wp-json\/wp\/v2\/product\/16622","targetHints":{"allow":["GET"]}}],"collection":[{"href":"https:\/\/omakujustus.ee\/et\/wp-json\/wp\/v2\/product"}],"about":[{"href":"https:\/\/omakujustus.ee\/et\/wp-json\/wp\/v2\/types\/product"}],"wp:featuredmedia":[{"embeddable":true,"href":"https:\/\/omakujustus.ee\/et\/wp-json\/wp\/v2\/media\/6671"}],"wp:attachment":[{"href":"https:\/\/omakujustus.ee\/et\/wp-json\/wp\/v2\/media?parent=16622"}],"wp:term":[{"taxonomy":"product_brand","embeddable":true,"href":"https:\/\/omakujustus.ee\/et\/wp-json\/wp\/v2\/product_brand?post=16622"},{"taxonomy":"product_cat","embeddable":true,"href":"https:\/\/omakujustus.ee\/et\/wp-json\/wp\/v2\/product_cat?post=16622"},{"taxonomy":"product_tag","embeddable":true,"href":"https:\/\/omakujustus.ee\/et\/wp-json\/wp\/v2\/product_tag?post=16622"}],"curies":[{"name":"wp","href":"https:\/\/api.w.org\/{rel}","templated":true}]}}