{"id":16331,"date":"2024-02-16T06:36:07","date_gmt":"2024-02-16T04:36:07","guid":{"rendered":"https:\/\/omakujustus.ee\/?post_type=product&#038;p=16331"},"modified":"2026-04-08T18:22:02","modified_gmt":"2026-04-08T15:22:02","slug":"disaini-ise-unisex-jersey-short-sleeve-tee-luhikeste-kaistega-t-sark","status":"publish","type":"product","link":"https:\/\/omakujustus.ee\/et\/product\/disaini-ise-unisex-jersey-short-sleeve-tee-luhikeste-kaistega-t-sark\/","title":{"rendered":"DISAINI ISE t-s\u00e4rk l\u00fchikeste k\u00e4istega Unisex Jersey Short Sleeve Tee \/ L\u00d5PUM\u00dc\u00dcK"},"content":{"rendered":"<p>Disaini ise t-s\u00e4rk selliselt, nagu seda soovid. Disaini ise programmis saad ise kujundada v\u00f5i laadida \u00fcles juba valmis disain. Kui soovid disainida k\u00e4iseid v\u00f5i ala, mida programmis ei v\u00f5imaldata, kirjuta meile oma soovist t\u00e4psemalt info@omakujustus.ee.<\/p>\n<p>\u00dcks populaarseimaid, Unisex Jersey l\u00fchikeste varrukatega t-s\u00e4rk on valmistatud uskumatult pehmest ja m\u00f5nusalt venivast, patenteeritud Airlume puuvillast. Igap\u00e4evase mugavuse tagamiseks on l\u00fchikeste k\u00e4istega t-s\u00e4rk Unisex Jersey sileda pinnaga ja m\u00f5jub naha vastas eriti pehmelt.<\/p>\n<p>Materjal: 100% Airlume puuvill;<br \/>\n<em>Athletic Heather: 99% Airlume puuvill, 1% pol\u00fcester;<\/em><br \/>\nMaterjali paksus: 142 g\/m\u00b2<\/p>\n<p>Classic fit \/ Slim fit<br \/>\nTegemist on tavap\u00e4rasest veidi pikema l\u00f5ikega.<\/p>\n<p><img loading=\"lazy\" decoding=\"async\" class=\"alignnone wp-image-15174\" src=\"https:\/\/omakujustus.ee\/wp-content\/uploads\/2024\/01\/size-moodud-300x114.jpg\" alt=\"\" width=\"400\" height=\"152\" srcset=\"https:\/\/omakujustus.ee\/wp-content\/uploads\/2024\/01\/size-moodud-300x114.jpg 300w, https:\/\/omakujustus.ee\/wp-content\/uploads\/2024\/01\/size-moodud-800x305.jpg 800w, https:\/\/omakujustus.ee\/wp-content\/uploads\/2024\/01\/size-moodud-64x24.jpg 64w, https:\/\/omakujustus.ee\/wp-content\/uploads\/2024\/01\/size-moodud-1024x391.jpg 1024w, https:\/\/omakujustus.ee\/wp-content\/uploads\/2024\/01\/size-moodud-768x293.jpg 768w, https:\/\/omakujustus.ee\/wp-content\/uploads\/2024\/01\/size-moodud-1536x586.jpg 1536w, https:\/\/omakujustus.ee\/wp-content\/uploads\/2024\/01\/size-moodud-18x7.jpg 18w, https:\/\/omakujustus.ee\/wp-content\/uploads\/2024\/01\/size-moodud.jpg 2000w\" sizes=\"auto, (max-width: 400px) 100vw, 400px\" \/><\/p>\n<table>\n<tbody>\n<tr>\n<td><b>Suurus<\/b><\/td>\n<td><b>XS<\/b><\/td>\n<td><b>S<\/b><\/td>\n<td><b>M<\/b><\/td>\n<td><b>L<\/b><\/td>\n<td><b>XL<\/b><\/td>\n<td><b>2XL<\/b><\/td>\n<td><b>3XL<\/b><\/td>\n<td><b>4XL<\/b><\/td>\n<\/tr>\n<tr>\n<td><b>A \u00bd rind<\/b><\/td>\n<td><b>41.9<\/b><\/td>\n<td><b>45.7<\/b><\/td>\n<td><b>50.8<\/b><\/td>\n<td><b>55.9<\/b><\/td>\n<td><b>61<\/b><\/td>\n<td><b>66<\/b><\/td>\n<td><b>71.1<\/b><\/td>\n<td><b>76.2<\/b><\/td>\n<\/tr>\n<tr>\n<td><b>B pikkus<\/b><\/td>\n<td><b>68.6<\/b><\/td>\n<td><b>71.1<\/b><\/td>\n<td><b>73.7<\/b><\/td>\n<td><b>76.2<\/b><\/td>\n<td><b>78.7<\/b><\/td>\n<td><b>81.3<\/b><\/td>\n<td><b>83.8<\/b><\/td>\n<td><b>86.4<\/b><\/td>\n<\/tr>\n<\/tbody>\n<\/table>\n<p>*3XL ja 4XL suurustes on saadaval vaid valge ja must t-s\u00e4rk.<\/p>\n","protected":false},"excerpt":{"rendered":"<p>DISAINI ISE t-s\u00e4rk, unisex.<br \/>\nTr\u00fcki hind \u00fchel poolel 12\u20ac<\/p>\n<ol>\n<li>vali suurus ja v\u00e4rv<\/li>\n<li>vajuta \u201cDISAINI ISE\u201d nuppu<\/li>\n<li>lisa tekst ja\/v\u00f5i pilt<\/li>\n<li>telli\u00a0<img decoding=\"async\" class=\"emoji\" role=\"img\" draggable=\"false\" src=\"https:\/\/s.w.org\/images\/core\/emoji\/14.0.0\/svg\/1f642.svg\" alt=\"\ud83d\ude42\" \/><\/li>\n<\/ol>\n<p>Antud tootel on <span style=\"color: #ff0000;\"><strong>KIIRT\u00d6\u00d6 V\u00d5IMALUS<\/strong><\/span> &#8211;\u00a0 lisa toode <strong><a title=\"Kiirt\u00f6\u00f6 tr\u00fckk 1-2 t\u00f6p\u00e4evaga\" href=\"https:\/\/omakujustus.ee\/et\/product\/sos-kiirtoo-trukk-1-2-toopaeva\/\" target=\"_blank\" rel=\"noopener\"><span style=\"text-decoration: underline;\">SOS kiirt\u00f6\u00f6<\/span><\/a><\/strong> koos disainitud tootega oma ostukorvi.<\/p>\n","protected":false},"featured_media":16613,"template":"","meta":{"_acf_changed":false,"om_disable_all_campaigns":false,"_monsterinsights_skip_tracking":false,"_monsterinsights_sitenote_active":false,"_monsterinsights_sitenote_note":"","_monsterinsights_sitenote_category":0,"site-sidebar-layout":"default","site-content-layout":"default","ast-site-content-layout":"default","site-content-style":"default","site-sidebar-style":"default","ast-global-header-display":"","ast-banner-title-visibility":"","ast-main-header-display":"","ast-hfb-above-header-display":"","ast-hfb-below-header-display":"","ast-hfb-mobile-header-display":"","site-post-title":"","ast-breadcrumbs-content":"","ast-featured-img":"","footer-sml-layout":"","theme-transparent-header-meta":"default","adv-header-id-meta":"","stick-header-meta":"","header-above-stick-meta":"","header-main-stick-meta":"","header-below-stick-meta":"","astra-migrate-meta-layouts":"set","ast-page-background-enabled":"default","ast-page-background-meta":{"desktop":{"background-color":"","background-image":"","background-repeat":"repeat","background-position":"center center","background-size":"auto","background-attachment":"scroll","background-type":"","background-media":"","overlay-type":"","overlay-color":"","overlay-opacity":"","overlay-gradient":""},"tablet":{"background-color":"","background-image":"","background-repeat":"repeat","background-position":"center center","background-size":"auto","background-attachment":"scroll","background-type":"","background-media":"","overlay-type":"","overlay-color":"","overlay-opacity":"","overlay-gradient":""},"mobile":{"background-color":"","background-image":"","background-repeat":"repeat","background-position":"center center","background-size":"auto","background-attachment":"scroll","background-type":"","background-media":"","overlay-type":"","overlay-color":"","overlay-opacity":"","overlay-gradient":""}},"ast-content-background-meta":{"desktop":{"background-color":"var(--ast-global-color-5)","background-image":"","background-repeat":"repeat","background-position":"center center","background-size":"auto","background-attachment":"scroll","background-type":"","background-media":"","overlay-type":"","overlay-color":"","overlay-opacity":"","overlay-gradient":""},"tablet":{"background-color":"var(--ast-global-color-5)","background-image":"","background-repeat":"repeat","background-position":"center center","background-size":"auto","background-attachment":"scroll","background-type":"","background-media":"","overlay-type":"","overlay-color":"","overlay-opacity":"","overlay-gradient":""},"mobile":{"background-color":"var(--ast-global-color-5)","background-image":"","background-repeat":"repeat","background-position":"center center","background-size":"auto","background-attachment":"scroll","background-type":"","background-media":"","overlay-type":"","overlay-color":"","overlay-opacity":"","overlay-gradient":""}}},"product_brand":[],"product_cat":[713,1038],"product_tag":[],"class_list":{"0":"post-16331","1":"product","2":"type-product","3":"status-publish","4":"has-post-thumbnail","6":"product_cat-disaini-ise","7":"product_cat-disaini-ise-t-sargid","8":"pa_kaelus-umar-kaelus","9":"pa_kaised-luhikesed-kaised","10":"pa_materjal-puuvill","11":"pa_pikkus-pikem-loige","12":"pa_sugu-meeste","13":"pa_sugu-naiste","14":"pa_sugu-unisex","15":"pa_suurus-2xl","16":"pa_suurus-l","17":"pa_suurus-s","18":"pa_suurus-xl","19":"pa_suurus-xs","20":"pa_tegumood-classic-fit","21":"pa_toote-tuup-t-sark","22":"pa_varv-ash","23":"pa_varv-black","24":"pa_varv-dark-grey","25":"pa_varv-deep-teal","26":"pa_varv-military-green","27":"pa_varv-navy","28":"pa_varv-pink","29":"pa_varv-silver","30":"pa_varv-storm","31":"pa_varv-white","32":"desktop-align-left","33":"tablet-align-left","34":"mobile-align-left","36":"first","37":"instock","38":"sale","39":"taxable","40":"shipping-taxable","41":"purchasable","42":"product-type-variable","43":"has-default-attributes","44":"wvs-archive-product-wrapper"},"acf":[],"aioseo_notices":[],"_links":{"self":[{"href":"https:\/\/omakujustus.ee\/et\/wp-json\/wp\/v2\/product\/16331","targetHints":{"allow":["GET"]}}],"collection":[{"href":"https:\/\/omakujustus.ee\/et\/wp-json\/wp\/v2\/product"}],"about":[{"href":"https:\/\/omakujustus.ee\/et\/wp-json\/wp\/v2\/types\/product"}],"wp:featuredmedia":[{"embeddable":true,"href":"https:\/\/omakujustus.ee\/et\/wp-json\/wp\/v2\/media\/16613"}],"wp:attachment":[{"href":"https:\/\/omakujustus.ee\/et\/wp-json\/wp\/v2\/media?parent=16331"}],"wp:term":[{"taxonomy":"product_brand","embeddable":true,"href":"https:\/\/omakujustus.ee\/et\/wp-json\/wp\/v2\/product_brand?post=16331"},{"taxonomy":"product_cat","embeddable":true,"href":"https:\/\/omakujustus.ee\/et\/wp-json\/wp\/v2\/product_cat?post=16331"},{"taxonomy":"product_tag","embeddable":true,"href":"https:\/\/omakujustus.ee\/et\/wp-json\/wp\/v2\/product_tag?post=16331"}],"curies":[{"name":"wp","href":"https:\/\/api.w.org\/{rel}","templated":true}]}}