{"id":16254,"date":"2024-02-16T04:47:59","date_gmt":"2024-02-16T02:47:59","guid":{"rendered":"https:\/\/omakujustus.ee\/?post_type=product&#038;p=16254"},"modified":"2026-05-06T12:42:12","modified_gmt":"2026-05-06T09:42:12","slug":"disaini-ise-unisex-ilma-kapuutsita-dressipluus","status":"publish","type":"product","link":"https:\/\/omakujustus.ee\/et\/product\/disaini-ise-unisex-ilma-kapuutsita-dressipluus\/","title":{"rendered":"DISAINI ISE pusa unisex ilma kapuutsita pusa &#8211; L\u00d5PUM\u00dc\u00dcK"},"content":{"rendered":"<p>Disaini ise pusa selliselt, nagu seda soovid. Disaini ise programmis saad ise kujundada v\u00f5i laadida \u00fcles juba valmis disain. Kui soovid disainida k\u00e4iseid v\u00f5i ala, mida programmis ei v\u00f5imaldata, kirjuta meile oma soovist t\u00e4psemalt info@omakujustus.ee.<\/p>\n<p>Moodsa laiema tegumoega unisex pusa. Dressipluusil on soonikuga k\u00e4ised ja alumine \u00e4\u00e4r millele on lisatud elastaani parema venivuse tagamiseks ning sees fliis mis hoiab sind m\u00f5nusalt soojas.<\/p>\n<p><strong>NB!<\/strong> Tegemist on madalama kvaliteedi ja hinnaklassi tootega, sobides ennek\u00f5ike n\u00e4iteks \u00fchekordseks s\u00fcndmuseks.<br \/>\nTr\u00fckk teostatakse DTF prindi v\u00f5i kuumpressitr\u00fckina.<\/p>\n<p><strong>Materjal<\/strong>: 80% puuvill, 20% pol\u00fcester (Heather v\u00e4rvid: 40% puuvill, 60% pol\u00fcester)<br \/>\n<strong>Materjali paksus<\/strong>: 285 g\/m\u00b2 (valge 278 g\/m\u00b2)<\/p>\n<p><em>Loose fit<\/em><\/p>\n<p><img loading=\"lazy\" decoding=\"async\" class=\"alignnone wp-image-15174\" src=\"https:\/\/omakujustus.ee\/wp-content\/uploads\/2024\/01\/size-moodud-300x114.jpg\" alt=\"\" width=\"408\" height=\"155\" srcset=\"https:\/\/omakujustus.ee\/wp-content\/uploads\/2024\/01\/size-moodud-300x114.jpg 300w, https:\/\/omakujustus.ee\/wp-content\/uploads\/2024\/01\/size-moodud-800x305.jpg 800w, https:\/\/omakujustus.ee\/wp-content\/uploads\/2024\/01\/size-moodud-64x24.jpg 64w, https:\/\/omakujustus.ee\/wp-content\/uploads\/2024\/01\/size-moodud-1024x391.jpg 1024w, https:\/\/omakujustus.ee\/wp-content\/uploads\/2024\/01\/size-moodud-768x293.jpg 768w, https:\/\/omakujustus.ee\/wp-content\/uploads\/2024\/01\/size-moodud-1536x586.jpg 1536w, https:\/\/omakujustus.ee\/wp-content\/uploads\/2024\/01\/size-moodud-18x7.jpg 18w, https:\/\/omakujustus.ee\/wp-content\/uploads\/2024\/01\/size-moodud.jpg 2000w\" sizes=\"auto, (max-width: 408px) 100vw, 408px\" \/><\/p>\n<table>\n<tbody>\n<tr>\n<td><b>Suurus<\/b><\/td>\n<td><b>S<\/b><\/td>\n<td><b>M<\/b><\/td>\n<td><b>L<\/b><\/td>\n<td><b>XL<\/b><\/td>\n<td><b>2XL<\/b><\/td>\n<td><b>3XL<\/b><\/td>\n<\/tr>\n<tr>\n<td><b>A \u00bd rind<\/b><\/td>\n<td>51<\/td>\n<td>56<\/td>\n<td>61<\/td>\n<td>66<\/td>\n<td>71<\/td>\n<td>76<\/td>\n<\/tr>\n<tr>\n<td><b>B Pikkus<\/b><\/td>\n<td>71<\/td>\n<td>73.5<\/td>\n<td>76<\/td>\n<td>78<\/td>\n<td>81<\/td>\n<td>83.5<\/td>\n<\/tr>\n<tr>\n<td><b>D2 K\u00e4ise pikkus<\/b><\/td>\n<td>86<\/td>\n<td>89<\/td>\n<td>91.35<\/td>\n<td>94<\/td>\n<td>96.5<\/td>\n<td>99<\/td>\n<\/tr>\n<\/tbody>\n<\/table>\n<p><em>*Tellija vastutab enda lisatud pildi\/disaini autori\u00f5iguste olemasolu eest.<\/em><\/p>\n","protected":false},"excerpt":{"rendered":"<p>DISAINI ISE pusa, unisex ilma kapuutsita.<br \/>\nTr\u00fcki hind \u00fchel poolel 12\u20ac<\/p>\n<ol>\n<li>vali suurus ja v\u00e4rv<\/li>\n<li>vajuta \u201cDISAINI ISE\u201d nuppu<\/li>\n<li>lisa tekst ja\/v\u00f5i pilt<\/li>\n<li>telli \ud83d\ude42<\/li>\n<\/ol>\n","protected":false},"featured_media":16328,"template":"","meta":{"_acf_changed":false,"om_disable_all_campaigns":false,"_monsterinsights_skip_tracking":false,"_monsterinsights_sitenote_active":false,"_monsterinsights_sitenote_note":"","_monsterinsights_sitenote_category":0,"site-sidebar-layout":"default","site-content-layout":"default","ast-site-content-layout":"default","site-content-style":"default","site-sidebar-style":"default","ast-global-header-display":"","ast-banner-title-visibility":"","ast-main-header-display":"","ast-hfb-above-header-display":"","ast-hfb-below-header-display":"","ast-hfb-mobile-header-display":"","site-post-title":"","ast-breadcrumbs-content":"","ast-featured-img":"","footer-sml-layout":"","theme-transparent-header-meta":"default","adv-header-id-meta":"","stick-header-meta":"","header-above-stick-meta":"","header-main-stick-meta":"","header-below-stick-meta":"","astra-migrate-meta-layouts":"set","ast-page-background-enabled":"default","ast-page-background-meta":{"desktop":{"background-color":"","background-image":"","background-repeat":"repeat","background-position":"center center","background-size":"auto","background-attachment":"scroll","background-type":"","background-media":"","overlay-type":"","overlay-color":"","overlay-opacity":"","overlay-gradient":""},"tablet":{"background-color":"","background-image":"","background-repeat":"repeat","background-position":"center center","background-size":"auto","background-attachment":"scroll","background-type":"","background-media":"","overlay-type":"","overlay-color":"","overlay-opacity":"","overlay-gradient":""},"mobile":{"background-color":"","background-image":"","background-repeat":"repeat","background-position":"center center","background-size":"auto","background-attachment":"scroll","background-type":"","background-media":"","overlay-type":"","overlay-color":"","overlay-opacity":"","overlay-gradient":""}},"ast-content-background-meta":{"desktop":{"background-color":"var(--ast-global-color-5)","background-image":"","background-repeat":"repeat","background-position":"center center","background-size":"auto","background-attachment":"scroll","background-type":"","background-media":"","overlay-type":"","overlay-color":"","overlay-opacity":"","overlay-gradient":""},"tablet":{"background-color":"var(--ast-global-color-5)","background-image":"","background-repeat":"repeat","background-position":"center center","background-size":"auto","background-attachment":"scroll","background-type":"","background-media":"","overlay-type":"","overlay-color":"","overlay-opacity":"","overlay-gradient":""},"mobile":{"background-color":"var(--ast-global-color-5)","background-image":"","background-repeat":"repeat","background-position":"center center","background-size":"auto","background-attachment":"scroll","background-type":"","background-media":"","overlay-type":"","overlay-color":"","overlay-opacity":"","overlay-gradient":""}}},"product_brand":[],"product_cat":[713,1036],"product_tag":[],"class_list":{"0":"post-16254","1":"product","2":"type-product","3":"status-publish","4":"has-post-thumbnail","6":"product_cat-disaini-ise","7":"product_cat-disaini-ise-pusad","8":"pa_kaised-pikad-kaised","9":"pa_materjal-kombineeritud-kangas","10":"pa_materjali-paksus-250-299-g-m","11":"pa_sugu-meeste","12":"pa_sugu-naiste","13":"pa_sugu-unisex","14":"pa_suurus-2xl","15":"pa_suurus-3xl","16":"pa_suurus-4xl","17":"pa_suurus-l","18":"pa_suurus-m","19":"pa_suurus-s","20":"pa_suurus-xl","21":"pa_tegumood-loose-fit","22":"pa_toote-tuup-pusa-dressipluus","23":"pa_varv-black","24":"pa_varv-charcoal","25":"pa_varv-dark-heather","26":"pa_varv-military-green","27":"pa_varv-navy","28":"pa_varv-paragon","29":"pa_varv-sand","30":"pa_varv-sport-grey","31":"pa_varv-stone-blue","32":"pa_varv-white","33":"desktop-align-left","34":"tablet-align-left","35":"mobile-align-left","37":"first","38":"instock","39":"sale","40":"taxable","41":"shipping-taxable","42":"purchasable","43":"product-type-variable","44":"wvs-archive-product-wrapper"},"acf":[],"aioseo_notices":[],"_links":{"self":[{"href":"https:\/\/omakujustus.ee\/et\/wp-json\/wp\/v2\/product\/16254","targetHints":{"allow":["GET"]}}],"collection":[{"href":"https:\/\/omakujustus.ee\/et\/wp-json\/wp\/v2\/product"}],"about":[{"href":"https:\/\/omakujustus.ee\/et\/wp-json\/wp\/v2\/types\/product"}],"wp:featuredmedia":[{"embeddable":true,"href":"https:\/\/omakujustus.ee\/et\/wp-json\/wp\/v2\/media\/16328"}],"wp:attachment":[{"href":"https:\/\/omakujustus.ee\/et\/wp-json\/wp\/v2\/media?parent=16254"}],"wp:term":[{"taxonomy":"product_brand","embeddable":true,"href":"https:\/\/omakujustus.ee\/et\/wp-json\/wp\/v2\/product_brand?post=16254"},{"taxonomy":"product_cat","embeddable":true,"href":"https:\/\/omakujustus.ee\/et\/wp-json\/wp\/v2\/product_cat?post=16254"},{"taxonomy":"product_tag","embeddable":true,"href":"https:\/\/omakujustus.ee\/et\/wp-json\/wp\/v2\/product_tag?post=16254"}],"curies":[{"name":"wp","href":"https:\/\/api.w.org\/{rel}","templated":true}]}}