{"id":16123,"date":"2024-02-05T16:22:57","date_gmt":"2024-02-05T14:22:57","guid":{"rendered":"https:\/\/omakujustus.ee\/?post_type=product&#038;p=16123"},"modified":"2026-04-06T20:51:38","modified_gmt":"2026-04-06T17:51:38","slug":"disaini-ise-unisex-kapuutsiga-dressipluus","status":"publish","type":"product","link":"https:\/\/omakujustus.ee\/et\/product\/disaini-ise-unisex-kapuutsiga-dressipluus\/","title":{"rendered":"DISAINI ISE pusa unisex kapuutsiga pusa &#8211; L\u00d5PUM\u00dc\u00dcK"},"content":{"rendered":"<p>Disaini ise pusa selliselt, nagu seda soovid. Disaini ise programmis saad ise kujundada v\u00f5i laadida \u00fcles juba valmis disain. Kui soovid disainida k\u00e4iseid v\u00f5i ala, mida programmis ei v\u00f5imaldata, kirjuta meile oma soovist t\u00e4psemalt info@omakujustus.ee.<\/p>\n<p>Moodsa laiema tegumoega unisex kapuutsiga dressipluus. Dressipluusil on soonikuga k\u00e4ised ja alumine \u00e4\u00e4r mille on lisatud elastaani parema venivuse tagamiseks. Ees on k\u00e4ngurutasku ning sees fliis mis hoiab sind m\u00f5nusalt soojas.<br \/>\nKapuuts on parema istuvuse jaoks topeltkangaga, kapuutsi n\u00f6\u00f6ride otsad on suletud.<\/p>\n<p><strong>NB!<\/strong> Tegemist on madalama kvaliteedi ja hinnaklassi tootega, sobides ennek\u00f5ike n\u00e4iteks \u00fchekordseks s\u00fcndmuseks.<br \/>\nTr\u00fckk teostatakse DTF prindi v\u00f5i kuumpressitr\u00fckina.<\/p>\n<p><strong>Materjal<\/strong>: 80% puuvill, 20% pol\u00fcester (Heather v\u00e4rvid: 40% puuvill, 60% pol\u00fcester)<br \/>\n<strong>Materjali paksus<\/strong>: 285 g\/m\u00b2 (valge 278 g\/m\u00b2)<\/p>\n<p><em>Loose fit<\/em><\/p>\n<p><img loading=\"lazy\" decoding=\"async\" class=\"alignnone wp-image-15174\" src=\"https:\/\/omakujustus.ee\/wp-content\/uploads\/2024\/01\/size-moodud-300x114.jpg\" alt=\"\" width=\"400\" height=\"152\" srcset=\"https:\/\/omakujustus.ee\/wp-content\/uploads\/2024\/01\/size-moodud-300x114.jpg 300w, https:\/\/omakujustus.ee\/wp-content\/uploads\/2024\/01\/size-moodud-800x305.jpg 800w, https:\/\/omakujustus.ee\/wp-content\/uploads\/2024\/01\/size-moodud-64x24.jpg 64w, https:\/\/omakujustus.ee\/wp-content\/uploads\/2024\/01\/size-moodud-1024x391.jpg 1024w, https:\/\/omakujustus.ee\/wp-content\/uploads\/2024\/01\/size-moodud-768x293.jpg 768w, https:\/\/omakujustus.ee\/wp-content\/uploads\/2024\/01\/size-moodud-1536x586.jpg 1536w, https:\/\/omakujustus.ee\/wp-content\/uploads\/2024\/01\/size-moodud-18x7.jpg 18w, https:\/\/omakujustus.ee\/wp-content\/uploads\/2024\/01\/size-moodud.jpg 2000w\" sizes=\"auto, (max-width: 400px) 100vw, 400px\" \/><\/p>\n<table>\n<tbody>\n<tr>\n<td><b>Suurus<\/b><\/td>\n<td style=\"text-align: center;\"><b>S<\/b><\/td>\n<td style=\"text-align: center;\"><b>M<\/b><\/td>\n<td style=\"text-align: center;\"><b>L<\/b><\/td>\n<td style=\"text-align: center;\"><b>XL<\/b><\/td>\n<td style=\"text-align: center;\"><b>2XL<\/b><\/td>\n<td style=\"text-align: center;\"><b>3XL<\/b><\/td>\n<\/tr>\n<tr>\n<td><b>A \u00a0\u00bd rind<\/b><\/td>\n<td style=\"text-align: center;\"><span style=\"font-weight: 400;\">51<\/span><\/td>\n<td style=\"text-align: center;\"><span style=\"font-weight: 400;\">56<\/span><\/td>\n<td style=\"text-align: center;\"><span style=\"font-weight: 400;\">61<\/span><\/td>\n<td style=\"text-align: center;\"><span style=\"font-weight: 400;\">66<\/span><\/td>\n<td style=\"text-align: center;\"><span style=\"font-weight: 400;\">71<\/span><\/td>\n<td style=\"text-align: center;\"><span style=\"font-weight: 400;\">76<\/span><\/td>\n<\/tr>\n<tr>\n<td><b>B Pikkus<\/b><\/td>\n<td style=\"text-align: center;\"><span style=\"font-weight: 400;\">71<\/span><\/td>\n<td style=\"text-align: center;\"><span style=\"font-weight: 400;\">73.5<\/span><\/td>\n<td style=\"text-align: center;\"><span style=\"font-weight: 400;\">76<\/span><\/td>\n<td style=\"text-align: center;\"><span style=\"font-weight: 400;\">78<\/span><\/td>\n<td style=\"text-align: center;\"><span style=\"font-weight: 400;\">81<\/span><\/td>\n<td style=\"text-align: center;\"><span style=\"font-weight: 400;\">83.5<\/span><\/td>\n<\/tr>\n<tr>\n<td><b>D2 K\u00e4ise pikkus<\/b><\/td>\n<td style=\"text-align: center;\"><span style=\"font-weight: 400;\">86<\/span><\/td>\n<td style=\"text-align: center;\"><span style=\"font-weight: 400;\">89<\/span><\/td>\n<td style=\"text-align: center;\"><span style=\"font-weight: 400;\">91.5<\/span><\/td>\n<td style=\"text-align: center;\"><span style=\"font-weight: 400;\">94<\/span><\/td>\n<td style=\"text-align: center;\"><span style=\"font-weight: 400;\">96.5<\/span><\/td>\n<td style=\"text-align: center;\"><span style=\"font-weight: 400;\">99<\/span><\/td>\n<\/tr>\n<\/tbody>\n<\/table>\n<p><em>*Tellija vastutab enda lisatud pildi\/disaini autori\u00f5iguste olemasolu eest.<\/em><\/p>\n","protected":false},"excerpt":{"rendered":"<p>DISAINI ISE pusa on unisex kapuutsiga dressipluus, millel saad ise disainida nii esimest kui tagumist poolt.<br \/>\nTr\u00fcki hind \u00fchel poolel 12\u20ac<\/p>\n<ol>\n<li>Vali suurus ja v\u00e4rv <em>(disaini ise keskkonnas v\u00f5imalik hiljem muuta)<\/em><\/li>\n<li>vajuta \u201cDISAINI ISE\u201d nuppu<\/li>\n<li>lisa tekst ja\/v\u00f5i pilt<\/li>\n<li>telli\u00a0<img decoding=\"async\" class=\"emoji\" role=\"img\" draggable=\"false\" src=\"https:\/\/s.w.org\/images\/core\/emoji\/14.0.0\/svg\/1f642.svg\" alt=\"\ud83d\ude42\" \/><\/li>\n<\/ol>\n","protected":false},"featured_media":16235,"template":"","meta":{"_acf_changed":false,"om_disable_all_campaigns":false,"_monsterinsights_skip_tracking":false,"_monsterinsights_sitenote_active":false,"_monsterinsights_sitenote_note":"","_monsterinsights_sitenote_category":0,"site-sidebar-layout":"default","site-content-layout":"default","ast-site-content-layout":"default","site-content-style":"default","site-sidebar-style":"default","ast-global-header-display":"","ast-banner-title-visibility":"","ast-main-header-display":"","ast-hfb-above-header-display":"","ast-hfb-below-header-display":"","ast-hfb-mobile-header-display":"","site-post-title":"","ast-breadcrumbs-content":"","ast-featured-img":"","footer-sml-layout":"","theme-transparent-header-meta":"default","adv-header-id-meta":"","stick-header-meta":"","header-above-stick-meta":"","header-main-stick-meta":"","header-below-stick-meta":"","astra-migrate-meta-layouts":"set","ast-page-background-enabled":"default","ast-page-background-meta":{"desktop":{"background-color":"","background-image":"","background-repeat":"repeat","background-position":"center center","background-size":"auto","background-attachment":"scroll","background-type":"","background-media":"","overlay-type":"","overlay-color":"","overlay-opacity":"","overlay-gradient":""},"tablet":{"background-color":"","background-image":"","background-repeat":"repeat","background-position":"center center","background-size":"auto","background-attachment":"scroll","background-type":"","background-media":"","overlay-type":"","overlay-color":"","overlay-opacity":"","overlay-gradient":""},"mobile":{"background-color":"","background-image":"","background-repeat":"repeat","background-position":"center center","background-size":"auto","background-attachment":"scroll","background-type":"","background-media":"","overlay-type":"","overlay-color":"","overlay-opacity":"","overlay-gradient":""}},"ast-content-background-meta":{"desktop":{"background-color":"var(--ast-global-color-5)","background-image":"","background-repeat":"repeat","background-position":"center center","background-size":"auto","background-attachment":"scroll","background-type":"","background-media":"","overlay-type":"","overlay-color":"","overlay-opacity":"","overlay-gradient":""},"tablet":{"background-color":"var(--ast-global-color-5)","background-image":"","background-repeat":"repeat","background-position":"center center","background-size":"auto","background-attachment":"scroll","background-type":"","background-media":"","overlay-type":"","overlay-color":"","overlay-opacity":"","overlay-gradient":""},"mobile":{"background-color":"var(--ast-global-color-5)","background-image":"","background-repeat":"repeat","background-position":"center center","background-size":"auto","background-attachment":"scroll","background-type":"","background-media":"","overlay-type":"","overlay-color":"","overlay-opacity":"","overlay-gradient":""}}},"product_brand":[],"product_cat":[713,1036],"product_tag":[],"class_list":{"0":"post-16123","1":"product","2":"type-product","3":"status-publish","4":"has-post-thumbnail","6":"product_cat-disaini-ise","7":"product_cat-disaini-ise-pusad","8":"pa_kaised-pikad-kaised","9":"pa_kapuuts-kapuutsiga","10":"pa_materjal-kombineeritud-kangas","11":"pa_materjali-paksus-250-299-g-m","12":"pa_sugu-meeste","13":"pa_sugu-naiste","14":"pa_sugu-unisex","15":"pa_suurus-2xl","16":"pa_suurus-3xl","17":"pa_suurus-4xl","18":"pa_suurus-l","19":"pa_suurus-m","20":"pa_suurus-s","21":"pa_suurus-xl","22":"pa_tegumood-loose-fit","23":"pa_toote-tuup-pusa-dressipluus","24":"pa_varv-black","25":"pa_varv-charcoal","26":"pa_varv-dark-heather","27":"pa_varv-light-pink","28":"pa_varv-maroon","29":"pa_varv-military-green","30":"pa_varv-navy","31":"pa_varv-paragon","32":"pa_varv-red","33":"pa_varv-royal","34":"pa_varv-sand","35":"pa_varv-sport-grey","36":"pa_varv-stone-blue","37":"pa_varv-white","38":"pa_varv-yellow-haze","39":"desktop-align-left","40":"tablet-align-left","41":"mobile-align-left","43":"first","44":"instock","45":"sale","46":"taxable","47":"shipping-taxable","48":"purchasable","49":"product-type-variable","50":"has-default-attributes","51":"wvs-archive-product-wrapper"},"acf":[],"aioseo_notices":[],"_links":{"self":[{"href":"https:\/\/omakujustus.ee\/et\/wp-json\/wp\/v2\/product\/16123","targetHints":{"allow":["GET"]}}],"collection":[{"href":"https:\/\/omakujustus.ee\/et\/wp-json\/wp\/v2\/product"}],"about":[{"href":"https:\/\/omakujustus.ee\/et\/wp-json\/wp\/v2\/types\/product"}],"wp:featuredmedia":[{"embeddable":true,"href":"https:\/\/omakujustus.ee\/et\/wp-json\/wp\/v2\/media\/16235"}],"wp:attachment":[{"href":"https:\/\/omakujustus.ee\/et\/wp-json\/wp\/v2\/media?parent=16123"}],"wp:term":[{"taxonomy":"product_brand","embeddable":true,"href":"https:\/\/omakujustus.ee\/et\/wp-json\/wp\/v2\/product_brand?post=16123"},{"taxonomy":"product_cat","embeddable":true,"href":"https:\/\/omakujustus.ee\/et\/wp-json\/wp\/v2\/product_cat?post=16123"},{"taxonomy":"product_tag","embeddable":true,"href":"https:\/\/omakujustus.ee\/et\/wp-json\/wp\/v2\/product_tag?post=16123"}],"curies":[{"name":"wp","href":"https:\/\/api.w.org\/{rel}","templated":true}]}}