{"id":15597,"date":"2024-02-03T14:18:46","date_gmt":"2024-02-03T12:18:46","guid":{"rendered":"https:\/\/omakujustus.ee\/?post_type=product&#038;p=15597"},"modified":"2025-07-09T20:42:26","modified_gmt":"2025-07-09T18:42:26","slug":"rooma-numbritega-tikitud-kuupaevaga-pusa-kapuutsiga","status":"publish","type":"product","link":"https:\/\/omakujustus.ee\/et\/product\/rooma-numbritega-tikitud-kuupaevaga-pusa-kapuutsiga\/","title":{"rendered":"Rooma numbritega tikitud kuup\u00e4evaga pusa kapuutsiga"},"content":{"rendered":"<p>V\u00e4ga armas, minimalistliku disainiga pusa mille k\u00e4isel on s\u00fcdame ja nimet\u00e4he tikand. Ideaalne kingitus kallimale ja endale.<\/p>\n<p>Moodsa oversized laia tegumoega unisex kapuutsiga dressipluus. Dressipluusil on soonikuga k\u00e4ised ja alumine \u00e4\u00e4r mille on lisatud elastaani parema venivuse tagamiseks. Ees on k\u00e4ngurutasku ning sees fliis mis hoiab sind m\u00f5nusalt soojas.<br \/>\nKapuuts on parema istuvuse jaoks topeltkangaga, kapuutsi n\u00f6\u00f6ride otsad on suletud.<\/p>\n<p>Materjal: 80% puuvill, 20% pol\u00fcester (Heather v\u00e4rvid: 40% puuvill, 60% pol\u00fcester)<br \/>\nMaterjali paksus: 285 g\/m\u00b2 (valge 278 g\/m\u00b2)<\/p>\n<p>Loose fit<\/p>\n<p><img loading=\"lazy\" decoding=\"async\" class=\"alignnone wp-image-15174\" src=\"https:\/\/omakujustus.ee\/wp-content\/uploads\/2024\/01\/size-moodud-300x114.jpg\" alt=\"\" width=\"400\" height=\"152\" srcset=\"https:\/\/omakujustus.ee\/wp-content\/uploads\/2024\/01\/size-moodud-300x114.jpg 300w, https:\/\/omakujustus.ee\/wp-content\/uploads\/2024\/01\/size-moodud-800x305.jpg 800w, https:\/\/omakujustus.ee\/wp-content\/uploads\/2024\/01\/size-moodud-64x24.jpg 64w, https:\/\/omakujustus.ee\/wp-content\/uploads\/2024\/01\/size-moodud-1024x391.jpg 1024w, https:\/\/omakujustus.ee\/wp-content\/uploads\/2024\/01\/size-moodud-768x293.jpg 768w, https:\/\/omakujustus.ee\/wp-content\/uploads\/2024\/01\/size-moodud-1536x586.jpg 1536w, https:\/\/omakujustus.ee\/wp-content\/uploads\/2024\/01\/size-moodud-18x7.jpg 18w, https:\/\/omakujustus.ee\/wp-content\/uploads\/2024\/01\/size-moodud.jpg 2000w\" sizes=\"auto, (max-width: 400px) 100vw, 400px\" \/><\/p>\n<table>\n<tbody>\n<tr>\n<td><b>Suurus<\/b><\/td>\n<td><b>S<\/b><\/td>\n<td><b>M<\/b><\/td>\n<td><b>L<\/b><\/td>\n<td><b>XL<\/b><\/td>\n<td><b>2XL<\/b><\/td>\n<td><b>3XL<\/b><\/td>\n<\/tr>\n<tr>\n<td><b>A Rind<\/b><\/td>\n<td><span style=\"font-weight: 400;\">51<\/span><\/td>\n<td><span style=\"font-weight: 400;\">56<\/span><\/td>\n<td><span style=\"font-weight: 400;\">61<\/span><\/td>\n<td><span style=\"font-weight: 400;\">66<\/span><\/td>\n<td><span style=\"font-weight: 400;\">71<\/span><\/td>\n<td><span style=\"font-weight: 400;\">76<\/span><\/td>\n<\/tr>\n<tr>\n<td><b>B Pikkus<\/b><\/td>\n<td><span style=\"font-weight: 400;\">71<\/span><\/td>\n<td><span style=\"font-weight: 400;\">73.5<\/span><\/td>\n<td><span style=\"font-weight: 400;\">76<\/span><\/td>\n<td><span style=\"font-weight: 400;\">78<\/span><\/td>\n<td><span style=\"font-weight: 400;\">81<\/span><\/td>\n<td><span style=\"font-weight: 400;\">83.5<\/span><\/td>\n<\/tr>\n<tr>\n<td><b>D2 K\u00e4ise pikkus<\/b><\/td>\n<td><span style=\"font-weight: 400;\">86<\/span><\/td>\n<td><span style=\"font-weight: 400;\">89<\/span><\/td>\n<td><span style=\"font-weight: 400;\">91.35<\/span><\/td>\n<td><span style=\"font-weight: 400;\">94<\/span><\/td>\n<td><span style=\"font-weight: 400;\">96.5<\/span><\/td>\n<td><span style=\"font-weight: 400;\">99<\/span><\/td>\n<\/tr>\n<\/tbody>\n<\/table>\n","protected":false},"excerpt":{"rendered":"<p>\u00dcllata oma kaaslast t\u00e4htp\u00e4evaks sobiva pusaga, millel on oluline kuup\u00e4ev rinnale tikitud. Ideaalne kingitus kallimale s\u00f5brap\u00e4evaks.<br \/>\nSama pusa ilma kapuutsita versiooni leiad <a href=\"https:\/\/omakujustus.ee\/et\/product\/rooma-numbritega-tikitud-kuupaevaga-pusa\/\" target=\"_blank\" rel=\"noopener\">siit<\/a>.<\/p>\n","protected":false},"featured_media":15593,"template":"","meta":{"_acf_changed":false,"om_disable_all_campaigns":false,"_monsterinsights_skip_tracking":false,"_monsterinsights_sitenote_active":false,"_monsterinsights_sitenote_note":"","_monsterinsights_sitenote_category":0,"site-sidebar-layout":"default","site-content-layout":"default","ast-site-content-layout":"","site-content-style":"default","site-sidebar-style":"default","ast-global-header-display":"","ast-banner-title-visibility":"","ast-main-header-display":"","ast-hfb-above-header-display":"","ast-hfb-below-header-display":"","ast-hfb-mobile-header-display":"","site-post-title":"","ast-breadcrumbs-content":"","ast-featured-img":"","footer-sml-layout":"","theme-transparent-header-meta":"default","adv-header-id-meta":"","stick-header-meta":"","header-above-stick-meta":"","header-main-stick-meta":"","header-below-stick-meta":"","astra-migrate-meta-layouts":"default","ast-page-background-enabled":"default","ast-page-background-meta":{"desktop":{"background-color":"","background-image":"","background-repeat":"repeat","background-position":"center center","background-size":"auto","background-attachment":"scroll","background-type":"","background-media":"","overlay-type":"","overlay-color":"","overlay-opacity":"","overlay-gradient":""},"tablet":{"background-color":"","background-image":"","background-repeat":"repeat","background-position":"center center","background-size":"auto","background-attachment":"scroll","background-type":"","background-media":"","overlay-type":"","overlay-color":"","overlay-opacity":"","overlay-gradient":""},"mobile":{"background-color":"","background-image":"","background-repeat":"repeat","background-position":"center center","background-size":"auto","background-attachment":"scroll","background-type":"","background-media":"","overlay-type":"","overlay-color":"","overlay-opacity":"","overlay-gradient":""}},"ast-content-background-meta":{"desktop":{"background-color":"var(--ast-global-color-5)","background-image":"","background-repeat":"repeat","background-position":"center center","background-size":"auto","background-attachment":"scroll","background-type":"","background-media":"","overlay-type":"","overlay-color":"","overlay-opacity":"","overlay-gradient":""},"tablet":{"background-color":"var(--ast-global-color-5)","background-image":"","background-repeat":"repeat","background-position":"center center","background-size":"auto","background-attachment":"scroll","background-type":"","background-media":"","overlay-type":"","overlay-color":"","overlay-opacity":"","overlay-gradient":""},"mobile":{"background-color":"var(--ast-global-color-5)","background-image":"","background-repeat":"repeat","background-position":"center center","background-size":"auto","background-attachment":"scroll","background-type":"","background-media":"","overlay-type":"","overlay-color":"","overlay-opacity":"","overlay-gradient":""}}},"product_brand":[],"product_cat":[43,714,31,30,17],"product_tag":[79,78,704,765,703],"class_list":{"0":"post-15597","1":"product","2":"type-product","3":"status-publish","4":"has-post-thumbnail","6":"product_cat-disainiga-tooted","7":"product_cat-isikuparasta-kujundus","8":"product_cat-meestele","9":"product_cat-naistele","10":"product_cat-unisex-disain","11":"product_tag-kallimale","12":"product_tag-sobrapaev","13":"product_tag-suda","14":"product_tag-tahtpaev","15":"product_tag-valentinipaev","16":"pa_kaised-pikad-kaised","17":"pa_kapuuts-kapuutsiga","18":"pa_materjal-kombineeritud-kangas","19":"pa_materjali-paksus-250-299-g-m","20":"pa_sugu-meeste","21":"pa_sugu-naiste","22":"pa_sugu-unisex","23":"pa_suurus-2xl","24":"pa_suurus-3xl","25":"pa_suurus-4xl","26":"pa_suurus-5xl","27":"pa_suurus-l","28":"pa_suurus-m","29":"pa_suurus-s","30":"pa_suurus-xl","31":"pa_tegumood-loose-fit","32":"pa_toote-tuup-pusa-dressipluus","33":"pa_varv-black","34":"pa_varv-charcoal","35":"pa_varv-dark-heather","36":"pa_varv-light-pink","37":"pa_varv-maroon","38":"pa_varv-military-green","39":"pa_varv-navy","40":"pa_varv-paragon","41":"pa_varv-red","42":"pa_varv-royal","43":"pa_varv-sand","44":"pa_varv-sport-grey","45":"pa_varv-stone-blue","46":"pa_varv-white","47":"pa_varv-yellow-haze","48":"desktop-align-left","49":"tablet-align-left","50":"mobile-align-left","52":"first","53":"outofstock","54":"taxable","55":"shipping-taxable","56":"purchasable","57":"product-type-variable","58":"has-default-attributes","59":"wvs-archive-product-wrapper"},"acf":[],"aioseo_notices":[],"_links":{"self":[{"href":"https:\/\/omakujustus.ee\/et\/wp-json\/wp\/v2\/product\/15597","targetHints":{"allow":["GET"]}}],"collection":[{"href":"https:\/\/omakujustus.ee\/et\/wp-json\/wp\/v2\/product"}],"about":[{"href":"https:\/\/omakujustus.ee\/et\/wp-json\/wp\/v2\/types\/product"}],"wp:featuredmedia":[{"embeddable":true,"href":"https:\/\/omakujustus.ee\/et\/wp-json\/wp\/v2\/media\/15593"}],"wp:attachment":[{"href":"https:\/\/omakujustus.ee\/et\/wp-json\/wp\/v2\/media?parent=15597"}],"wp:term":[{"taxonomy":"product_brand","embeddable":true,"href":"https:\/\/omakujustus.ee\/et\/wp-json\/wp\/v2\/product_brand?post=15597"},{"taxonomy":"product_cat","embeddable":true,"href":"https:\/\/omakujustus.ee\/et\/wp-json\/wp\/v2\/product_cat?post=15597"},{"taxonomy":"product_tag","embeddable":true,"href":"https:\/\/omakujustus.ee\/et\/wp-json\/wp\/v2\/product_tag?post=15597"}],"curies":[{"name":"wp","href":"https:\/\/api.w.org\/{rel}","templated":true}]}}