{"id":15175,"date":"2024-01-06T09:45:21","date_gmt":"2024-01-06T07:45:21","guid":{"rendered":"https:\/\/omakujustus.ee\/?post_type=product&#038;p=15175"},"modified":"2025-10-31T13:22:51","modified_gmt":"2025-10-31T11:22:51","slug":"sinu-valitud-tekstiga-beanie-muts-recycled-classic-engineered-deep-cuffed-beanie","status":"publish","type":"product","link":"https:\/\/omakujustus.ee\/et\/product\/sinu-valitud-tekstiga-beanie-muts-recycled-classic-engineered-deep-cuffed-beanie\/","title":{"rendered":"Sinu valitud tekstiga beanie m\u00fcts, Recycled Classic Engineered Deep Cuffed Beanie"},"content":{"rendered":"<p><span style=\"font-size: 16px; font-style: normal; font-weight: 400;\">Tavap\u00e4rasest laiema keeratava \u00e4\u00e4rega beanie m\u00fcts, mis on valmistatud taaskasutatud materjalidest. Materjal on m\u00f5nusalt pehme ja paks, sobides h\u00e4sti ka talvisemateks ilmadeks.\u00a0<\/span><\/p>\n<p><span style=\"font-size: 16px; font-style: normal; font-weight: 400;\">Sinu soovitud tekstiga beanie m\u00fcts.\u00a0 Teksti suurima t\u00e4he k\u00f5rgus on kuni 3,5cm, s\u00f5ltuvalt s\u00f5na pikkusest. <\/span>Niidi v\u00e4rv on automaatselt valitud m\u00fctsiga toon-toonis.<br \/>\nKui soovid m\u00f5nda teist v\u00e4rvi, vali sobiv niit <a href=\"https:\/\/omakujustus.ee\/wp-content\/uploads\/2023\/11\/gunold-sulky-color-sheet-1-scaled.jpg\" target=\"_blank\" rel=\"noopener\">v\u00e4rvikaardilt<\/a> (lisatud pildina) ja kirjuta v\u00e4rvikood \u00fclal olevasse nime\/tekstiga samasse lahtrisse.<br \/>\nFluorescence niidid on pimedas helendava efektiga. Efekti tugevus ja aeg s\u00f5ltuvad eelnevalt peale langenud valguse tugevusest.<\/p>\n<p><strong>Materjal<\/strong>:\u00a0100% taaskasutatud pol\u00fcester<br \/>\nAsh, Granite, Cloud Grey: 80% taaskasutatud pol\u00fcester, 20% nailon<\/p>\n","protected":false},"excerpt":{"rendered":"<p>Sinu valitud tekstiga beanie m\u00fcts, mis on eriti pehme ja m\u00f5nusalt paksust<strong> taaskasutatud materjalist<\/strong> sobides ka talviste ilmade puhul.<\/p>\n<p><strong>Kuidas tellida:<\/strong><\/p>\n<ol>\n<li>Vali sobivat v\u00e4rvi m\u00fcts<\/li>\n<li>vali teksti v\u00f5i s\u00fcmboli paigutus<\/li>\n<li>kirjuta all olevasse lahtrisse soovitud s\u00f5na\/nimi v\u00f5i lae \u00fcles lihtne fail<\/li>\n<li>soovi korral vali ise niidi v\u00e4rv (automaatse valikuna kasutame analoogses toonis niiti)<\/li>\n<li>telli \ud83d\ude42<\/li>\n<\/ol>\n","protected":false},"featured_media":15284,"template":"","meta":{"_acf_changed":false,"om_disable_all_campaigns":false,"_monsterinsights_skip_tracking":false,"_monsterinsights_sitenote_active":false,"_monsterinsights_sitenote_note":"","_monsterinsights_sitenote_category":0,"site-sidebar-layout":"default","site-content-layout":"default","ast-site-content-layout":"default","site-content-style":"default","site-sidebar-style":"default","ast-global-header-display":"","ast-banner-title-visibility":"","ast-main-header-display":"","ast-hfb-above-header-display":"","ast-hfb-below-header-display":"","ast-hfb-mobile-header-display":"","site-post-title":"","ast-breadcrumbs-content":"","ast-featured-img":"","footer-sml-layout":"","theme-transparent-header-meta":"default","adv-header-id-meta":"","stick-header-meta":"","header-above-stick-meta":"","header-main-stick-meta":"","header-below-stick-meta":"","astra-migrate-meta-layouts":"set","ast-page-background-enabled":"default","ast-page-background-meta":{"desktop":{"background-color":"","background-image":"","background-repeat":"repeat","background-position":"center center","background-size":"auto","background-attachment":"scroll","background-type":"","background-media":"","overlay-type":"","overlay-color":"","overlay-opacity":"","overlay-gradient":""},"tablet":{"background-color":"","background-image":"","background-repeat":"repeat","background-position":"center center","background-size":"auto","background-attachment":"scroll","background-type":"","background-media":"","overlay-type":"","overlay-color":"","overlay-opacity":"","overlay-gradient":""},"mobile":{"background-color":"","background-image":"","background-repeat":"repeat","background-position":"center center","background-size":"auto","background-attachment":"scroll","background-type":"","background-media":"","overlay-type":"","overlay-color":"","overlay-opacity":"","overlay-gradient":""}},"ast-content-background-meta":{"desktop":{"background-color":"var(--ast-global-color-5)","background-image":"","background-repeat":"repeat","background-position":"center center","background-size":"auto","background-attachment":"scroll","background-type":"","background-media":"","overlay-type":"","overlay-color":"","overlay-opacity":"","overlay-gradient":""},"tablet":{"background-color":"var(--ast-global-color-5)","background-image":"","background-repeat":"repeat","background-position":"center center","background-size":"auto","background-attachment":"scroll","background-type":"","background-media":"","overlay-type":"","overlay-color":"","overlay-opacity":"","overlay-gradient":""},"mobile":{"background-color":"var(--ast-global-color-5)","background-image":"","background-repeat":"repeat","background-position":"center center","background-size":"auto","background-attachment":"scroll","background-type":"","background-media":"","overlay-type":"","overlay-color":"","overlay-opacity":"","overlay-gradient":""}}},"product_brand":[],"product_cat":[16],"product_tag":[],"class_list":{"0":"post-15175","1":"product","2":"type-product","3":"status-publish","4":"has-post-thumbnail","6":"product_cat-uncategorized","7":"pa_suurus-one-size","8":"pa_toote-tuup-muts","9":"pa_varv-biscuit","10":"pa_varv-black","11":"pa_varv-bright-royal","12":"pa_varv-burgundy","13":"pa_varv-classic-red","14":"pa_varv-dusty-blue","15":"pa_varv-french-navy","16":"pa_varv-kelly-green","17":"pa_varv-mustard","18":"pa_varv-natural-stone","19":"pa_varv-olive-green","20":"pa_varv-peach","21":"pa_varv-pumpkin","22":"pa_varv-rose","23":"pa_varv-sunset","24":"pa_varv-true-pink","25":"pa_varv-violet","26":"desktop-align-left","27":"tablet-align-left","28":"mobile-align-left","30":"first","31":"instock","32":"taxable","33":"shipping-taxable","34":"purchasable","35":"product-type-variable","36":"has-default-attributes","37":"wvs-archive-product-wrapper"},"acf":[],"aioseo_notices":[],"_links":{"self":[{"href":"https:\/\/omakujustus.ee\/et\/wp-json\/wp\/v2\/product\/15175","targetHints":{"allow":["GET"]}}],"collection":[{"href":"https:\/\/omakujustus.ee\/et\/wp-json\/wp\/v2\/product"}],"about":[{"href":"https:\/\/omakujustus.ee\/et\/wp-json\/wp\/v2\/types\/product"}],"wp:featuredmedia":[{"embeddable":true,"href":"https:\/\/omakujustus.ee\/et\/wp-json\/wp\/v2\/media\/15284"}],"wp:attachment":[{"href":"https:\/\/omakujustus.ee\/et\/wp-json\/wp\/v2\/media?parent=15175"}],"wp:term":[{"taxonomy":"product_brand","embeddable":true,"href":"https:\/\/omakujustus.ee\/et\/wp-json\/wp\/v2\/product_brand?post=15175"},{"taxonomy":"product_cat","embeddable":true,"href":"https:\/\/omakujustus.ee\/et\/wp-json\/wp\/v2\/product_cat?post=15175"},{"taxonomy":"product_tag","embeddable":true,"href":"https:\/\/omakujustus.ee\/et\/wp-json\/wp\/v2\/product_tag?post=15175"}],"curies":[{"name":"wp","href":"https:\/\/api.w.org\/{rel}","templated":true}]}}