{"id":14713,"date":"2024-01-08T11:29:10","date_gmt":"2024-01-08T09:29:10","guid":{"rendered":"https:\/\/omakujustus.ee\/?post_type=product&#038;p=14713"},"modified":"2025-07-09T20:28:20","modified_gmt":"2025-07-09T18:28:20","slug":"remember-to-breathe-pusa-tikandiga-kaisel","status":"publish","type":"product","link":"https:\/\/omakujustus.ee\/et\/product\/remember-to-breathe-pusa-tikandiga-kaisel\/","title":{"rendered":"Remember to breathe pusa tikandiga k\u00e4isel"},"content":{"rendered":"<p>Pusa mille k\u00e4istel on minimalistliku disainiga tekst &#8220;<strong>REMEMBER TO BREATHE<\/strong> <strong>\u2661<\/strong>&#8220;, meeldetuletuseks, et v\u00f5ta hetk l\u00f5\u00f5gastumiseks, stressi leevendamiseks ja olevikule keskendumiseks.<br \/>\nSee on viis julgustada kedagi <strong>s\u00fcgavalt sisse hingama ja <\/strong>end <strong>keskenduma<\/strong>, eriti <strong>\u00e4revuse v\u00f5i \u00fclekoormatuse hetkedel<\/strong>. S\u00fcgav hingamine v\u00f5ib aidata n\u00e4rvis\u00fcsteemi rahustada ja tuua praegusesse hetke t\u00e4helepanelikkuse ja kohaloleku tunde. See on<strong> lihtne, <\/strong>kuid <strong>t\u00f5hus viis l\u00f5\u00f5gastumiseks ja pingete v\u00e4hendamiseks. \u2661<\/strong><\/p>\n<p>Valgel ja bee\u017eil pusal on tekst tikitud musta niidiga ja mustal ning tumehallil pusal valge niidiga. S\u00fcda on tikitud punase niidiga.<br \/>\n<strong>*NB!<\/strong> Kui soovid niidiv\u00e4rvi vahetada v\u00f5i teksti ilma s\u00fcdameta, kirjuta oma <strong>erisoov<\/strong> \u00fclal olevasse lahtrisse.<\/p>\n<p>Moodsa laiema tegumoega unisex kapuutsiga dressipluus. Dressipluusil on soonikuga k\u00e4ised ja alumine \u00e4\u00e4r mille on lisatud elastaani parema venivuse tagamiseks ning sees fliis mis hoiab sind m\u00f5nusalt soojas.<\/p>\n<p>Pusa on kahes variandis, \u00fcks ilma kapuutsi ja taskuteta, teisel on ees on k\u00e4ngurutasku ja kapuuts, millel on parema istuvuse jaoks topeltkangaga, kapuutsi n\u00f6\u00f6ride otsad on suletud.<\/p>\n<p>Materjal: 80% puuvill, 20% pol\u00fcester (Heather v\u00e4rvid: 40% puuvill, 60% pol\u00fcester)<br \/>\nMaterjali paksus: 285 g\/m\u00b2 (valge 278 g\/m\u00b2)<\/p>\n<p>Loose fit<\/p>\n<p><img loading=\"lazy\" decoding=\"async\" class=\"alignnone wp-image-15174\" src=\"https:\/\/omakujustus.ee\/wp-content\/uploads\/2024\/01\/size-moodud-300x114.jpg\" alt=\"\" width=\"400\" height=\"152\" srcset=\"https:\/\/omakujustus.ee\/wp-content\/uploads\/2024\/01\/size-moodud-300x114.jpg 300w, https:\/\/omakujustus.ee\/wp-content\/uploads\/2024\/01\/size-moodud-800x305.jpg 800w, https:\/\/omakujustus.ee\/wp-content\/uploads\/2024\/01\/size-moodud-64x24.jpg 64w, https:\/\/omakujustus.ee\/wp-content\/uploads\/2024\/01\/size-moodud-1024x391.jpg 1024w, https:\/\/omakujustus.ee\/wp-content\/uploads\/2024\/01\/size-moodud-768x293.jpg 768w, https:\/\/omakujustus.ee\/wp-content\/uploads\/2024\/01\/size-moodud-1536x586.jpg 1536w, https:\/\/omakujustus.ee\/wp-content\/uploads\/2024\/01\/size-moodud-18x7.jpg 18w, https:\/\/omakujustus.ee\/wp-content\/uploads\/2024\/01\/size-moodud.jpg 2000w\" sizes=\"auto, (max-width: 400px) 100vw, 400px\" \/><\/p>\n<table>\n<tbody>\n<tr>\n<td><b>Suurus<\/b><\/td>\n<td><b>S<\/b><\/td>\n<td><b>M<\/b><\/td>\n<td><b>L<\/b><\/td>\n<td><b>XL<\/b><\/td>\n<td><b>2XL<\/b><\/td>\n<td><b>3XL<\/b><\/td>\n<\/tr>\n<tr>\n<td><b>A \u00bd rind<\/b><\/td>\n<td>51<\/td>\n<td>56<\/td>\n<td>61<\/td>\n<td>66<\/td>\n<td>71<\/td>\n<td>76<\/td>\n<\/tr>\n<tr>\n<td><b>B Pikkus<\/b><\/td>\n<td>71<\/td>\n<td>73.5<\/td>\n<td>76<\/td>\n<td>78<\/td>\n<td>81<\/td>\n<td>83.5<\/td>\n<\/tr>\n<tr>\n<td><b>D2 K\u00e4ise pikkus<\/b><\/td>\n<td>86<\/td>\n<td>89<\/td>\n<td>91.35<\/td>\n<td>94<\/td>\n<td>96.5<\/td>\n<td>99<\/td>\n<\/tr>\n<\/tbody>\n<\/table>\n","protected":false},"excerpt":{"rendered":"<p>Pusa mille k\u00e4istel on minimalistliku disainiga tekst &#8220;REMEMBER TO BREATHE \u2661&#8221;, toomaks praegusesse hetke t\u00e4helepanelikkuse ja kohaloleku tunde.<\/p>\n","protected":false},"featured_media":14710,"template":"","meta":{"_acf_changed":false,"om_disable_all_campaigns":false,"_monsterinsights_skip_tracking":false,"_monsterinsights_sitenote_active":false,"_monsterinsights_sitenote_note":"","_monsterinsights_sitenote_category":0,"site-sidebar-layout":"default","site-content-layout":"default","ast-site-content-layout":"","site-content-style":"default","site-sidebar-style":"default","ast-global-header-display":"","ast-banner-title-visibility":"","ast-main-header-display":"","ast-hfb-above-header-display":"","ast-hfb-below-header-display":"","ast-hfb-mobile-header-display":"","site-post-title":"","ast-breadcrumbs-content":"","ast-featured-img":"","footer-sml-layout":"","theme-transparent-header-meta":"default","adv-header-id-meta":"","stick-header-meta":"","header-above-stick-meta":"","header-main-stick-meta":"","header-below-stick-meta":"","astra-migrate-meta-layouts":"default","ast-page-background-enabled":"default","ast-page-background-meta":{"desktop":{"background-color":"","background-image":"","background-repeat":"repeat","background-position":"center center","background-size":"auto","background-attachment":"scroll","background-type":"","background-media":"","overlay-type":"","overlay-color":"","overlay-opacity":"","overlay-gradient":""},"tablet":{"background-color":"","background-image":"","background-repeat":"repeat","background-position":"center center","background-size":"auto","background-attachment":"scroll","background-type":"","background-media":"","overlay-type":"","overlay-color":"","overlay-opacity":"","overlay-gradient":""},"mobile":{"background-color":"","background-image":"","background-repeat":"repeat","background-position":"center center","background-size":"auto","background-attachment":"scroll","background-type":"","background-media":"","overlay-type":"","overlay-color":"","overlay-opacity":"","overlay-gradient":""}},"ast-content-background-meta":{"desktop":{"background-color":"var(--ast-global-color-5)","background-image":"","background-repeat":"repeat","background-position":"center center","background-size":"auto","background-attachment":"scroll","background-type":"","background-media":"","overlay-type":"","overlay-color":"","overlay-opacity":"","overlay-gradient":""},"tablet":{"background-color":"var(--ast-global-color-5)","background-image":"","background-repeat":"repeat","background-position":"center center","background-size":"auto","background-attachment":"scroll","background-type":"","background-media":"","overlay-type":"","overlay-color":"","overlay-opacity":"","overlay-gradient":""},"mobile":{"background-color":"var(--ast-global-color-5)","background-image":"","background-repeat":"repeat","background-position":"center center","background-size":"auto","background-attachment":"scroll","background-type":"","background-media":"","overlay-type":"","overlay-color":"","overlay-opacity":"","overlay-gradient":""}}},"product_brand":[],"product_cat":[43,30,17],"product_tag":[79,78,704,703],"class_list":{"0":"post-14713","1":"product","2":"type-product","3":"status-publish","4":"has-post-thumbnail","6":"product_cat-disainiga-tooted","7":"product_cat-naistele","8":"product_cat-unisex-disain","9":"product_tag-kallimale","10":"product_tag-sobrapaev","11":"product_tag-suda","12":"product_tag-valentinipaev","13":"pa_kaised-pikad-kaised","14":"pa_kapuuts-kapuutsiga","15":"pa_materjal-kombineeritud-kangas","16":"pa_materjali-paksus-250-299-g-m","17":"pa_sugu-meeste","18":"pa_sugu-naiste","19":"pa_sugu-unisex","20":"pa_suurus-2xl","21":"pa_suurus-3xl","22":"pa_suurus-l","23":"pa_suurus-m","24":"pa_suurus-s","25":"pa_suurus-xl","26":"pa_tegumood-loose-fit","27":"pa_toote-tuup-pusa-dressipluus","28":"pa_varv-black","29":"pa_varv-charcoal","30":"pa_varv-sand","31":"pa_varv-white","32":"desktop-align-left","33":"tablet-align-left","34":"mobile-align-left","36":"first","37":"instock","38":"taxable","39":"shipping-taxable","40":"purchasable","41":"product-type-variable","42":"has-default-attributes","43":"wvs-archive-product-wrapper"},"acf":[],"aioseo_notices":[],"_links":{"self":[{"href":"https:\/\/omakujustus.ee\/et\/wp-json\/wp\/v2\/product\/14713","targetHints":{"allow":["GET"]}}],"collection":[{"href":"https:\/\/omakujustus.ee\/et\/wp-json\/wp\/v2\/product"}],"about":[{"href":"https:\/\/omakujustus.ee\/et\/wp-json\/wp\/v2\/types\/product"}],"wp:featuredmedia":[{"embeddable":true,"href":"https:\/\/omakujustus.ee\/et\/wp-json\/wp\/v2\/media\/14710"}],"wp:attachment":[{"href":"https:\/\/omakujustus.ee\/et\/wp-json\/wp\/v2\/media?parent=14713"}],"wp:term":[{"taxonomy":"product_brand","embeddable":true,"href":"https:\/\/omakujustus.ee\/et\/wp-json\/wp\/v2\/product_brand?post=14713"},{"taxonomy":"product_cat","embeddable":true,"href":"https:\/\/omakujustus.ee\/et\/wp-json\/wp\/v2\/product_cat?post=14713"},{"taxonomy":"product_tag","embeddable":true,"href":"https:\/\/omakujustus.ee\/et\/wp-json\/wp\/v2\/product_tag?post=14713"}],"curies":[{"name":"wp","href":"https:\/\/api.w.org\/{rel}","templated":true}]}}