{"id":14396,"date":"2023-12-13T09:27:49","date_gmt":"2023-12-13T07:27:49","guid":{"rendered":"https:\/\/omakujustus.ee\/?post_type=product&#038;p=14396"},"modified":"2025-07-09T20:28:21","modified_gmt":"2025-07-09T18:28:21","slug":"tahtkuju-lovi-tikitud-pilt","status":"publish","type":"product","link":"https:\/\/omakujustus.ee\/et\/product\/tahtkuju-lovi-tikitud-pilt\/","title":{"rendered":"T\u00e4htkuju L\u00d5VI kuup\u00e4evaga tikitud pilt"},"content":{"rendered":"<p>T\u00e4htkuju L\u00f5vi tikitud A4 m\u00f5\u00f5dus pilt kaunistamaks sinu v\u00f5i sinule kalli inimese kodu.<br \/>\nL\u00f5vi t\u00e4htkuju sodiaagim\u00e4rgis on need, kes on s\u00fcndinud vahemikus 24.07-23.08.<\/p>\n<p><strong>Eriti personaalse<\/strong> l\u00e4henemise jaoks <strong>lisa\u00a0<\/strong>konkreetne <strong>s\u00fcnniaeg,<\/strong> mis tikitakse <strong>kuldse niidiga<\/strong> pildi alumisse osasse, <strong>t\u00e4hem\u00e4rgi alla<\/strong>. Vastava kuup\u00e4eva saad soovi korral m\u00e4rkida \u00fclal olevasse erisoovi lahtrisse.<\/p>\n<p><strong>Pildid on\u00a0 kahes v\u00e4rvitoonis<\/strong> &#8211; soojade toonidega<strong> roosakas-lilla<\/strong> ja k\u00fclmade toonidega<strong> rohekas-sinine<\/strong>. Valge osa on tikitud <strong>pimedas helendava niidiga<\/strong>, kuldne osa <strong>metalse niidiga<\/strong>.<br \/>\nPimedas helendava niidi erksus s\u00f5ltub eelnevalt niitidele langenud valguse intensiivsusest ning h\u00e4\u00e4bub m\u00f5ne aja jooksul.<\/p>\n<p>Erisoovi puhul kirjuta soovitud niitide v\u00e4rvid vastavasse lahtrisse ning enne t\u00f6\u00f6 teostamist saadame sulle tikkimisprogrammis tehtud n\u00e4idispildi kinnitamiseks.<\/p>\n","protected":false},"excerpt":{"rendered":"<p>T\u00e4htkuju L\u00f5vi tikitud A4 m\u00f5\u00f5dus pilt kaunistamaks sinu v\u00f5i sinule kalli inimese kodu.<\/p>\n<p><strong>Eriti personaalse<\/strong> l\u00e4henemise jaoks <strong>lisa\u00a0<\/strong>konkreetne <strong>s\u00fcnniaeg <\/strong><strong>t\u00e4hem\u00e4rgi alla<\/strong>.<\/p>\n","protected":false},"featured_media":14336,"template":"","meta":{"_acf_changed":false,"om_disable_all_campaigns":false,"_monsterinsights_skip_tracking":false,"_monsterinsights_sitenote_active":false,"_monsterinsights_sitenote_note":"","_monsterinsights_sitenote_category":0,"site-sidebar-layout":"default","site-content-layout":"default","ast-site-content-layout":"","site-content-style":"default","site-sidebar-style":"default","ast-global-header-display":"","ast-banner-title-visibility":"","ast-main-header-display":"","ast-hfb-above-header-display":"","ast-hfb-below-header-display":"","ast-hfb-mobile-header-display":"","site-post-title":"","ast-breadcrumbs-content":"","ast-featured-img":"","footer-sml-layout":"","theme-transparent-header-meta":"default","adv-header-id-meta":"","stick-header-meta":"","header-above-stick-meta":"","header-main-stick-meta":"","header-below-stick-meta":"","astra-migrate-meta-layouts":"default","ast-page-background-enabled":"default","ast-page-background-meta":{"desktop":{"background-color":"","background-image":"","background-repeat":"repeat","background-position":"center center","background-size":"auto","background-attachment":"scroll","background-type":"","background-media":"","overlay-type":"","overlay-color":"","overlay-opacity":"","overlay-gradient":""},"tablet":{"background-color":"","background-image":"","background-repeat":"repeat","background-position":"center center","background-size":"auto","background-attachment":"scroll","background-type":"","background-media":"","overlay-type":"","overlay-color":"","overlay-opacity":"","overlay-gradient":""},"mobile":{"background-color":"","background-image":"","background-repeat":"repeat","background-position":"center center","background-size":"auto","background-attachment":"scroll","background-type":"","background-media":"","overlay-type":"","overlay-color":"","overlay-opacity":"","overlay-gradient":""}},"ast-content-background-meta":{"desktop":{"background-color":"var(--ast-global-color-5)","background-image":"","background-repeat":"repeat","background-position":"center center","background-size":"auto","background-attachment":"scroll","background-type":"","background-media":"","overlay-type":"","overlay-color":"","overlay-opacity":"","overlay-gradient":""},"tablet":{"background-color":"var(--ast-global-color-5)","background-image":"","background-repeat":"repeat","background-position":"center center","background-size":"auto","background-attachment":"scroll","background-type":"","background-media":"","overlay-type":"","overlay-color":"","overlay-opacity":"","overlay-gradient":""},"mobile":{"background-color":"var(--ast-global-color-5)","background-image":"","background-repeat":"repeat","background-position":"center center","background-size":"auto","background-attachment":"scroll","background-type":"","background-media":"","overlay-type":"","overlay-color":"","overlay-opacity":"","overlay-gradient":""}}},"product_brand":[],"product_cat":[693],"product_tag":[],"class_list":{"0":"post-14396","1":"product","2":"type-product","3":"status-publish","4":"has-post-thumbnail","6":"product_cat-astroloogia","7":"pa_varv-rohekas-sinine","8":"pa_varv-roosakas-lilla","9":"desktop-align-left","10":"tablet-align-left","11":"mobile-align-left","13":"first","14":"instock","15":"taxable","16":"shipping-taxable","17":"purchasable","18":"product-type-variable","19":"has-default-attributes","20":"wvs-archive-product-wrapper"},"acf":[],"aioseo_notices":[],"_links":{"self":[{"href":"https:\/\/omakujustus.ee\/et\/wp-json\/wp\/v2\/product\/14396","targetHints":{"allow":["GET"]}}],"collection":[{"href":"https:\/\/omakujustus.ee\/et\/wp-json\/wp\/v2\/product"}],"about":[{"href":"https:\/\/omakujustus.ee\/et\/wp-json\/wp\/v2\/types\/product"}],"wp:featuredmedia":[{"embeddable":true,"href":"https:\/\/omakujustus.ee\/et\/wp-json\/wp\/v2\/media\/14336"}],"wp:attachment":[{"href":"https:\/\/omakujustus.ee\/et\/wp-json\/wp\/v2\/media?parent=14396"}],"wp:term":[{"taxonomy":"product_brand","embeddable":true,"href":"https:\/\/omakujustus.ee\/et\/wp-json\/wp\/v2\/product_brand?post=14396"},{"taxonomy":"product_cat","embeddable":true,"href":"https:\/\/omakujustus.ee\/et\/wp-json\/wp\/v2\/product_cat?post=14396"},{"taxonomy":"product_tag","embeddable":true,"href":"https:\/\/omakujustus.ee\/et\/wp-json\/wp\/v2\/product_tag?post=14396"}],"curies":[{"name":"wp","href":"https:\/\/api.w.org\/{rel}","templated":true}]}}