{"id":13959,"date":"2023-11-20T16:20:42","date_gmt":"2023-11-20T14:20:42","guid":{"rendered":"https:\/\/omakujustus.ee\/?post_type=product&#038;p=13959"},"modified":"2025-10-31T13:22:30","modified_gmt":"2025-10-31T11:22:30","slug":"sinu-valitud-3d-tekstiga-laste-muts-junior-original-cuffed-beanie","status":"publish","type":"product","link":"https:\/\/omakujustus.ee\/et\/product\/sinu-valitud-3d-tekstiga-laste-muts-junior-original-cuffed-beanie\/","title":{"rendered":"Sinu valitud 3D tekstiga laste m\u00fcts, Junior Original Cuffed Beanie"},"content":{"rendered":"<p>Sinu soovitud tekstiga m\u00fcts, kus tekst on tikitud 3D efektiga.<br \/>\nTeksti suurima t\u00e4he k\u00f5rgus on 3cm, \u00fclej\u00e4\u00e4nud tekst vastavalt fondile.<\/p>\n<p>Niidi v\u00e4rv on automaatselt valitud m\u00fctsiga analoogses v\u00e4rvis, et tekiks toon-toonis efekt. Kui soovid m\u00f5nda teist v\u00e4rvi, vali sobiv niit <a href=\"https:\/\/omakujustus.ee\/wp-content\/uploads\/2023\/11\/gunold-sulky-color-sheet-scaled.jpg\" target=\"_blank\" rel=\"noopener\">v\u00e4rvikaardilt<\/a> (lisatud pildina) ja kirjuta v\u00e4rvikood nime\/tekstiga samasse lahtrisse.<\/p>\n<p>Klassikalise l\u00f5ikega laste m\u00fcts, v\u00f5i beanie m\u00fcts, kuidas iganes keegi seda nimetab.<\/p>\n<p>Materjal: 100% pol\u00fcakr\u00fc\u00fcl (pehme)<\/p>\n","protected":false},"excerpt":{"rendered":"<p>Sinu valitud tekstiga laste beanie m\u00fcts, kus tekst on tikitud 3D efektiga.<\/p>\n<p><strong>Kuidas tellida:<\/strong><\/p>\n<ol>\n<li>Vali sobivat v\u00e4rvi m\u00fcts<\/li>\n<li>kirjuta all olevasse lahtrisse soovitud tekst v\u00f5i nimi<\/li>\n<li>kirjuta all olevasse lahtrisse kas tikand tuleb m\u00fctsi ette, k\u00fcljele (vasak\/parem) v\u00f5i taha<\/li>\n<li>soovi korral vali ise niidi v\u00e4rv (automaatse valikuna kasutame analoogses toonis niiti)<\/li>\n<\/ol>\n","protected":false},"featured_media":14240,"template":"","meta":{"_acf_changed":false,"om_disable_all_campaigns":false,"_monsterinsights_skip_tracking":false,"_monsterinsights_sitenote_active":false,"_monsterinsights_sitenote_note":"","_monsterinsights_sitenote_category":0,"site-sidebar-layout":"default","site-content-layout":"default","ast-site-content-layout":"default","site-content-style":"default","site-sidebar-style":"default","ast-global-header-display":"","ast-banner-title-visibility":"","ast-main-header-display":"","ast-hfb-above-header-display":"","ast-hfb-below-header-display":"","ast-hfb-mobile-header-display":"","site-post-title":"","ast-breadcrumbs-content":"","ast-featured-img":"","footer-sml-layout":"","theme-transparent-header-meta":"default","adv-header-id-meta":"","stick-header-meta":"","header-above-stick-meta":"","header-main-stick-meta":"","header-below-stick-meta":"","astra-migrate-meta-layouts":"set","ast-page-background-enabled":"default","ast-page-background-meta":{"desktop":{"background-color":"","background-image":"","background-repeat":"repeat","background-position":"center center","background-size":"auto","background-attachment":"scroll","background-type":"","background-media":"","overlay-type":"","overlay-color":"","overlay-opacity":"","overlay-gradient":""},"tablet":{"background-color":"","background-image":"","background-repeat":"repeat","background-position":"center center","background-size":"auto","background-attachment":"scroll","background-type":"","background-media":"","overlay-type":"","overlay-color":"","overlay-opacity":"","overlay-gradient":""},"mobile":{"background-color":"","background-image":"","background-repeat":"repeat","background-position":"center center","background-size":"auto","background-attachment":"scroll","background-type":"","background-media":"","overlay-type":"","overlay-color":"","overlay-opacity":"","overlay-gradient":""}},"ast-content-background-meta":{"desktop":{"background-color":"var(--ast-global-color-5)","background-image":"","background-repeat":"repeat","background-position":"center center","background-size":"auto","background-attachment":"scroll","background-type":"","background-media":"","overlay-type":"","overlay-color":"","overlay-opacity":"","overlay-gradient":""},"tablet":{"background-color":"var(--ast-global-color-5)","background-image":"","background-repeat":"repeat","background-position":"center center","background-size":"auto","background-attachment":"scroll","background-type":"","background-media":"","overlay-type":"","overlay-color":"","overlay-opacity":"","overlay-gradient":""},"mobile":{"background-color":"var(--ast-global-color-5)","background-image":"","background-repeat":"repeat","background-position":"center center","background-size":"auto","background-attachment":"scroll","background-type":"","background-media":"","overlay-type":"","overlay-color":"","overlay-opacity":"","overlay-gradient":""}}},"product_brand":[],"product_cat":[16],"product_tag":[768],"class_list":{"0":"post-13959","1":"product","2":"type-product","3":"status-publish","4":"has-post-thumbnail","6":"product_cat-uncategorized","7":"product_tag-3d-tikand","8":"pa_suurus-one-size","9":"pa_toote-tuup-muts","10":"pa_varv-black","11":"pa_varv-bright-royal","12":"pa_varv-classic-red","13":"pa_varv-fluorescent-yellow","14":"pa_varv-french-navy","15":"pa_varv-fuchsia","16":"desktop-align-left","17":"tablet-align-left","18":"mobile-align-left","20":"first","21":"instock","22":"taxable","23":"shipping-taxable","24":"purchasable","25":"product-type-variable","26":"has-default-attributes","27":"wvs-archive-product-wrapper"},"acf":[],"aioseo_notices":[],"_links":{"self":[{"href":"https:\/\/omakujustus.ee\/et\/wp-json\/wp\/v2\/product\/13959","targetHints":{"allow":["GET"]}}],"collection":[{"href":"https:\/\/omakujustus.ee\/et\/wp-json\/wp\/v2\/product"}],"about":[{"href":"https:\/\/omakujustus.ee\/et\/wp-json\/wp\/v2\/types\/product"}],"wp:featuredmedia":[{"embeddable":true,"href":"https:\/\/omakujustus.ee\/et\/wp-json\/wp\/v2\/media\/14240"}],"wp:attachment":[{"href":"https:\/\/omakujustus.ee\/et\/wp-json\/wp\/v2\/media?parent=13959"}],"wp:term":[{"taxonomy":"product_brand","embeddable":true,"href":"https:\/\/omakujustus.ee\/et\/wp-json\/wp\/v2\/product_brand?post=13959"},{"taxonomy":"product_cat","embeddable":true,"href":"https:\/\/omakujustus.ee\/et\/wp-json\/wp\/v2\/product_cat?post=13959"},{"taxonomy":"product_tag","embeddable":true,"href":"https:\/\/omakujustus.ee\/et\/wp-json\/wp\/v2\/product_tag?post=13959"}],"curies":[{"name":"wp","href":"https:\/\/api.w.org\/{rel}","templated":true}]}}