{"id":13777,"date":"2023-11-20T13:42:57","date_gmt":"2023-11-20T11:42:57","guid":{"rendered":"https:\/\/omakujustus.ee\/?post_type=product&#038;p=13777"},"modified":"2025-08-12T20:14:03","modified_gmt":"2025-08-12T18:14:03","slug":"aspire-to-inspire-kapuutsiga-dressipluus-tikitud-tekstiga","status":"publish","type":"product","link":"https:\/\/omakujustus.ee\/et\/product\/aspire-to-inspire-kapuutsiga-dressipluus-tikitud-tekstiga\/","title":{"rendered":"Aspire to INSPIRE kapuutsiga dressipluus, tikitud tekstiga"},"content":{"rendered":"<p>Tikitud tekstiga Aspire to INSPIRE kapuutsiga dressipluus. Disain on ispireeritud inimestest, kes p\u00fc\u00fcdlevad paremuse poole ja inspireerivad seel\u00e4bi ka teisi. \u2661<br \/>\nTikkimisel on kasutatud pusaga toon toonis niiti.<\/p>\n<p>Moodsa oversized laia tegumoega unisex kapuutsiga dressipluus. Dressipluusil on soonikuga k\u00e4ised ja alumine \u00e4\u00e4r mille on lisatud elastaani parema venivuse tagamiseks. Ees on k\u00e4ngurutasku ning sees fliis mis hoiab sind m\u00f5nusalt soojas.<br \/>\nKapuuts on parema istuvuse jaoks topeltkangaga, kapuutsi n\u00f6\u00f6ride otsad on suletud.<\/p>\n<p>Materjal: 80% puuvill, 20% pol\u00fcester (Heather v\u00e4rvid: 40% puuvill, 60% pol\u00fcester)<br \/>\nMaterjali paksus: 285 g\/m\u00b2 (valge 278 g\/m\u00b2)<\/p>\n<p>Loose fit<\/p>\n<p><img loading=\"lazy\" decoding=\"async\" class=\"alignnone wp-image-15174\" src=\"https:\/\/omakujustus.ee\/wp-content\/uploads\/2024\/01\/size-moodud-300x114.jpg\" alt=\"\" width=\"400\" height=\"152\" srcset=\"https:\/\/omakujustus.ee\/wp-content\/uploads\/2024\/01\/size-moodud-300x114.jpg 300w, https:\/\/omakujustus.ee\/wp-content\/uploads\/2024\/01\/size-moodud-800x305.jpg 800w, https:\/\/omakujustus.ee\/wp-content\/uploads\/2024\/01\/size-moodud-64x24.jpg 64w, https:\/\/omakujustus.ee\/wp-content\/uploads\/2024\/01\/size-moodud-1024x391.jpg 1024w, https:\/\/omakujustus.ee\/wp-content\/uploads\/2024\/01\/size-moodud-768x293.jpg 768w, https:\/\/omakujustus.ee\/wp-content\/uploads\/2024\/01\/size-moodud-1536x586.jpg 1536w, https:\/\/omakujustus.ee\/wp-content\/uploads\/2024\/01\/size-moodud-18x7.jpg 18w, https:\/\/omakujustus.ee\/wp-content\/uploads\/2024\/01\/size-moodud.jpg 2000w\" sizes=\"auto, (max-width: 400px) 100vw, 400px\" \/><\/p>\n<table>\n<tbody>\n<tr>\n<td><b>Suurus<\/b><\/td>\n<td><b>S<\/b><\/td>\n<td><b>M<\/b><\/td>\n<td><b>L<\/b><\/td>\n<td><b>XL<\/b><\/td>\n<td><b>2XL<\/b><\/td>\n<td><b>3XL<\/b><\/td>\n<\/tr>\n<tr>\n<td><b>A Rind<\/b><\/td>\n<td><span style=\"font-weight: 400;\">51<\/span><\/td>\n<td><span style=\"font-weight: 400;\">56<\/span><\/td>\n<td><span style=\"font-weight: 400;\">61<\/span><\/td>\n<td><span style=\"font-weight: 400;\">66<\/span><\/td>\n<td><span style=\"font-weight: 400;\">71<\/span><\/td>\n<td><span style=\"font-weight: 400;\">76<\/span><\/td>\n<\/tr>\n<tr>\n<td><b>B Pikkus<\/b><\/td>\n<td><span style=\"font-weight: 400;\">71<\/span><\/td>\n<td><span style=\"font-weight: 400;\">73.5<\/span><\/td>\n<td><span style=\"font-weight: 400;\">76<\/span><\/td>\n<td><span style=\"font-weight: 400;\">78<\/span><\/td>\n<td><span style=\"font-weight: 400;\">81<\/span><\/td>\n<td><span style=\"font-weight: 400;\">83.5<\/span><\/td>\n<\/tr>\n<tr>\n<td><b>D2 K\u00e4ise pikkus<\/b><\/td>\n<td><span style=\"font-weight: 400;\">86<\/span><\/td>\n<td><span style=\"font-weight: 400;\">89<\/span><\/td>\n<td><span style=\"font-weight: 400;\">91.35<\/span><\/td>\n<td><span style=\"font-weight: 400;\">94<\/span><\/td>\n<td><span style=\"font-weight: 400;\">96.5<\/span><\/td>\n<td><span style=\"font-weight: 400;\">99<\/span><\/td>\n<\/tr>\n<\/tbody>\n<\/table>\n","protected":false},"excerpt":{"rendered":"<p>Tikitud tekstiga Aspire to INSPIRE kapuutsiga dressipluus neile, kes p\u00fc\u00fcdlevad paremuse poole ja inspireerivad seel\u00e4bi ka teisi. \u2661<br \/>\nIlma kapuutsita variandi leiad <a href=\"https:\/\/omakujustus.ee\/et\/product\/aspire-to-inspire-dressipluus-tikitud-tekstiga\/\" target=\"_blank\" rel=\"noopener\">siit<\/a>.<\/p>\n","protected":false},"featured_media":14227,"template":"","meta":{"_acf_changed":false,"om_disable_all_campaigns":false,"_monsterinsights_skip_tracking":false,"_monsterinsights_sitenote_active":false,"_monsterinsights_sitenote_note":"","_monsterinsights_sitenote_category":0,"site-sidebar-layout":"default","site-content-layout":"default","ast-site-content-layout":"","site-content-style":"default","site-sidebar-style":"default","ast-global-header-display":"","ast-banner-title-visibility":"","ast-main-header-display":"","ast-hfb-above-header-display":"","ast-hfb-below-header-display":"","ast-hfb-mobile-header-display":"","site-post-title":"","ast-breadcrumbs-content":"","ast-featured-img":"","footer-sml-layout":"","theme-transparent-header-meta":"default","adv-header-id-meta":"","stick-header-meta":"","header-above-stick-meta":"","header-main-stick-meta":"","header-below-stick-meta":"","astra-migrate-meta-layouts":"default","ast-page-background-enabled":"default","ast-page-background-meta":{"desktop":{"background-color":"","background-image":"","background-repeat":"repeat","background-position":"center center","background-size":"auto","background-attachment":"scroll","background-type":"","background-media":"","overlay-type":"","overlay-color":"","overlay-opacity":"","overlay-gradient":""},"tablet":{"background-color":"","background-image":"","background-repeat":"repeat","background-position":"center center","background-size":"auto","background-attachment":"scroll","background-type":"","background-media":"","overlay-type":"","overlay-color":"","overlay-opacity":"","overlay-gradient":""},"mobile":{"background-color":"","background-image":"","background-repeat":"repeat","background-position":"center center","background-size":"auto","background-attachment":"scroll","background-type":"","background-media":"","overlay-type":"","overlay-color":"","overlay-opacity":"","overlay-gradient":""}},"ast-content-background-meta":{"desktop":{"background-color":"var(--ast-global-color-5)","background-image":"","background-repeat":"repeat","background-position":"center center","background-size":"auto","background-attachment":"scroll","background-type":"","background-media":"","overlay-type":"","overlay-color":"","overlay-opacity":"","overlay-gradient":""},"tablet":{"background-color":"var(--ast-global-color-5)","background-image":"","background-repeat":"repeat","background-position":"center center","background-size":"auto","background-attachment":"scroll","background-type":"","background-media":"","overlay-type":"","overlay-color":"","overlay-opacity":"","overlay-gradient":""},"mobile":{"background-color":"var(--ast-global-color-5)","background-image":"","background-repeat":"repeat","background-position":"center center","background-size":"auto","background-attachment":"scroll","background-type":"","background-media":"","overlay-type":"","overlay-color":"","overlay-opacity":"","overlay-gradient":""}}},"product_brand":[],"product_cat":[43,30],"product_tag":[],"class_list":{"0":"post-13777","1":"product","2":"type-product","3":"status-publish","4":"has-post-thumbnail","6":"product_cat-disainiga-tooted","7":"product_cat-naistele","8":"pa_kaised-pikad-kaised","9":"pa_kapuuts-kapuutsiga","10":"pa_materjal-kombineeritud-kangas","11":"pa_materjali-paksus-250-299-g-m","12":"pa_sugu-meeste","13":"pa_sugu-naiste","14":"pa_sugu-unisex","15":"pa_suurus-2xl","16":"pa_suurus-3xl","17":"pa_suurus-4xl","18":"pa_suurus-5xl","19":"pa_suurus-l","20":"pa_suurus-m","21":"pa_suurus-s","22":"pa_suurus-xl","23":"pa_tegumood-loose-fit","24":"pa_toote-tuup-pusa-dressipluus","25":"pa_varv-black","26":"pa_varv-charcoal","27":"pa_varv-dark-heather","28":"pa_varv-light-pink","29":"pa_varv-maroon","30":"pa_varv-military-green","31":"pa_varv-navy","32":"pa_varv-paragon","33":"pa_varv-red","34":"pa_varv-royal","35":"pa_varv-sand","36":"pa_varv-sport-grey","37":"pa_varv-stone-blue","38":"pa_varv-white","39":"pa_varv-yellow-haze","40":"desktop-align-left","41":"tablet-align-left","42":"mobile-align-left","44":"first","45":"instock","46":"taxable","47":"shipping-taxable","48":"purchasable","49":"product-type-variable","50":"has-default-attributes","51":"wvs-archive-product-wrapper"},"acf":[],"aioseo_notices":[],"_links":{"self":[{"href":"https:\/\/omakujustus.ee\/et\/wp-json\/wp\/v2\/product\/13777","targetHints":{"allow":["GET"]}}],"collection":[{"href":"https:\/\/omakujustus.ee\/et\/wp-json\/wp\/v2\/product"}],"about":[{"href":"https:\/\/omakujustus.ee\/et\/wp-json\/wp\/v2\/types\/product"}],"wp:featuredmedia":[{"embeddable":true,"href":"https:\/\/omakujustus.ee\/et\/wp-json\/wp\/v2\/media\/14227"}],"wp:attachment":[{"href":"https:\/\/omakujustus.ee\/et\/wp-json\/wp\/v2\/media?parent=13777"}],"wp:term":[{"taxonomy":"product_brand","embeddable":true,"href":"https:\/\/omakujustus.ee\/et\/wp-json\/wp\/v2\/product_brand?post=13777"},{"taxonomy":"product_cat","embeddable":true,"href":"https:\/\/omakujustus.ee\/et\/wp-json\/wp\/v2\/product_cat?post=13777"},{"taxonomy":"product_tag","embeddable":true,"href":"https:\/\/omakujustus.ee\/et\/wp-json\/wp\/v2\/product_tag?post=13777"}],"curies":[{"name":"wp","href":"https:\/\/api.w.org\/{rel}","templated":true}]}}