{"id":13640,"date":"2023-11-20T12:36:51","date_gmt":"2023-11-20T10:36:51","guid":{"rendered":"https:\/\/omakujustus.ee\/product\/original-cuffed-beanie-unisex-muts\/"},"modified":"2025-08-19T22:40:03","modified_gmt":"2025-08-19T20:40:03","slug":"original-cuffed-beanie-unisex-beanie-muts","status":"publish","type":"product","link":"https:\/\/omakujustus.ee\/et\/product\/original-cuffed-beanie-unisex-beanie-muts\/","title":{"rendered":"Original Cuffed Beanie unisex beanie m\u00fcts"},"content":{"rendered":"<p>Klassikalise l\u00f5ikega m\u00fcts, v\u00f5i beanie m\u00fcts, kuidas iganes keegi seda nimetab.<br \/>\nFluoresence v\u00e4rvid on<\/p>\n<p>Materjal: 100% pol\u00fcakr\u00fc\u00fcl (pehme)<\/p>\n","protected":false},"excerpt":{"rendered":"<p>Klassikaline unisex beanie m\u00fcts<\/p>\n","protected":false},"featured_media":13556,"template":"","meta":{"_acf_changed":false,"om_disable_all_campaigns":false,"_monsterinsights_skip_tracking":false,"_monsterinsights_sitenote_active":false,"_monsterinsights_sitenote_note":"","_monsterinsights_sitenote_category":0,"site-sidebar-layout":"default","site-content-layout":"default","ast-site-content-layout":"","site-content-style":"default","site-sidebar-style":"default","ast-global-header-display":"","ast-banner-title-visibility":"","ast-main-header-display":"","ast-hfb-above-header-display":"","ast-hfb-below-header-display":"","ast-hfb-mobile-header-display":"","site-post-title":"","ast-breadcrumbs-content":"","ast-featured-img":"","footer-sml-layout":"","theme-transparent-header-meta":"default","adv-header-id-meta":"","stick-header-meta":"","header-above-stick-meta":"","header-main-stick-meta":"","header-below-stick-meta":"","astra-migrate-meta-layouts":"default","ast-page-background-enabled":"default","ast-page-background-meta":{"desktop":{"background-color":"","background-image":"","background-repeat":"repeat","background-position":"center center","background-size":"auto","background-attachment":"scroll","background-type":"","background-media":"","overlay-type":"","overlay-color":"","overlay-opacity":"","overlay-gradient":""},"tablet":{"background-color":"","background-image":"","background-repeat":"repeat","background-position":"center center","background-size":"auto","background-attachment":"scroll","background-type":"","background-media":"","overlay-type":"","overlay-color":"","overlay-opacity":"","overlay-gradient":""},"mobile":{"background-color":"","background-image":"","background-repeat":"repeat","background-position":"center center","background-size":"auto","background-attachment":"scroll","background-type":"","background-media":"","overlay-type":"","overlay-color":"","overlay-opacity":"","overlay-gradient":""}},"ast-content-background-meta":{"desktop":{"background-color":"var(--ast-global-color-5)","background-image":"","background-repeat":"repeat","background-position":"center center","background-size":"auto","background-attachment":"scroll","background-type":"","background-media":"","overlay-type":"","overlay-color":"","overlay-opacity":"","overlay-gradient":""},"tablet":{"background-color":"var(--ast-global-color-5)","background-image":"","background-repeat":"repeat","background-position":"center center","background-size":"auto","background-attachment":"scroll","background-type":"","background-media":"","overlay-type":"","overlay-color":"","overlay-opacity":"","overlay-gradient":""},"mobile":{"background-color":"var(--ast-global-color-5)","background-image":"","background-repeat":"repeat","background-position":"center center","background-size":"auto","background-attachment":"scroll","background-type":"","background-media":"","overlay-type":"","overlay-color":"","overlay-opacity":"","overlay-gradient":""}}},"product_brand":[],"product_cat":[36,646],"product_tag":[],"class_list":{"0":"post-13640","1":"product","2":"type-product","3":"status-publish","4":"has-post-thumbnail","6":"product_cat-disainita-tooted","7":"product_cat-mutsid-kindad","8":"pa_suurus-one-size","9":"pa_toote-tuup-muts","10":"pa_varv-airforce-blue","11":"pa_varv-black","12":"pa_varv-blush","13":"pa_varv-bottle-green","14":"pa_varv-bright-red","15":"pa_varv-bright-royal","16":"pa_varv-burgundy","17":"pa_varv-caramel","18":"pa_varv-charcoal","19":"pa_varv-chocolate","20":"pa_varv-classic-pink","21":"pa_varv-classic-red","22":"pa_varv-coral","23":"pa_varv-dusky-pink","24":"pa_varv-emerald","25":"pa_varv-fire-red","26":"pa_varv-fluorescent-green","27":"pa_varv-fluorescent-orange","28":"pa_varv-fluorescent-pink","29":"pa_varv-fluorescent-yellow","30":"pa_varv-french-navy","31":"pa_varv-fuchsia","32":"pa_varv-gold","33":"pa_varv-graphite-grey","34":"pa_varv-kelly-green","35":"pa_varv-lavender","36":"pa_varv-light-grey","37":"pa_varv-lime-green","38":"pa_varv-magenta","39":"pa_varv-mint","40":"pa_varv-moss-green","41":"pa_varv-mustard","42":"pa_varv-olive-green","43":"pa_varv-orange","44":"pa_varv-oxford-navy","45":"pa_varv-pastel-pink","46":"pa_varv-petrol","47":"pa_varv-plum","48":"pa_varv-purple","49":"pa_varv-rust","50":"pa_varv-sand","51":"pa_varv-sapphire","52":"pa_varv-sky-blue","53":"pa_varv-soft-white","54":"pa_varv-surf-blue","55":"pa_varv-teal","56":"pa_varv-true-pink","57":"pa_varv-white","58":"pa_varv-yellow","59":"desktop-align-left","60":"tablet-align-left","61":"mobile-align-left","63":"first","64":"instock","65":"taxable","66":"shipping-taxable","67":"purchasable","68":"product-type-variable","69":"has-default-attributes","70":"wvs-archive-product-wrapper"},"acf":[],"aioseo_notices":[],"_links":{"self":[{"href":"https:\/\/omakujustus.ee\/et\/wp-json\/wp\/v2\/product\/13640","targetHints":{"allow":["GET"]}}],"collection":[{"href":"https:\/\/omakujustus.ee\/et\/wp-json\/wp\/v2\/product"}],"about":[{"href":"https:\/\/omakujustus.ee\/et\/wp-json\/wp\/v2\/types\/product"}],"wp:featuredmedia":[{"embeddable":true,"href":"https:\/\/omakujustus.ee\/et\/wp-json\/wp\/v2\/media\/13556"}],"wp:attachment":[{"href":"https:\/\/omakujustus.ee\/et\/wp-json\/wp\/v2\/media?parent=13640"}],"wp:term":[{"taxonomy":"product_brand","embeddable":true,"href":"https:\/\/omakujustus.ee\/et\/wp-json\/wp\/v2\/product_brand?post=13640"},{"taxonomy":"product_cat","embeddable":true,"href":"https:\/\/omakujustus.ee\/et\/wp-json\/wp\/v2\/product_cat?post=13640"},{"taxonomy":"product_tag","embeddable":true,"href":"https:\/\/omakujustus.ee\/et\/wp-json\/wp\/v2\/product_tag?post=13640"}],"curies":[{"name":"wp","href":"https:\/\/api.w.org\/{rel}","templated":true}]}}