{"id":1274,"date":"2021-12-06T17:29:35","date_gmt":"2021-12-06T15:29:35","guid":{"rendered":"https:\/\/omakujustus.ee\/?post_type=product&#038;p=1274"},"modified":"2025-07-09T20:28:30","modified_gmt":"2025-07-09T18:28:30","slug":"pealuu","status":"publish","type":"product","link":"https:\/\/omakujustus.ee\/et\/product\/pealuu\/","title":{"rendered":"T-s\u00e4rk pealuu ja roosidega, unisex"},"content":{"rendered":"<p>\u00dcmara kaelusega, klassikalise l\u00f5ikega puuvillane T-s\u00e4rk.<br \/>\nKaelus on tugevdatud ning sisaldab elastaani.<\/p>\n<p>Materjal: 100% puuvill<br \/>\nMaterjali paksus: 150 gr\/m\u00b2<\/p>\n<p><img loading=\"lazy\" decoding=\"async\" class=\"alignnone wp-image-15174\" src=\"https:\/\/omakujustus.ee\/wp-content\/uploads\/2024\/01\/size-moodud-300x114.jpg\" alt=\"\" width=\"400\" height=\"152\" srcset=\"https:\/\/omakujustus.ee\/wp-content\/uploads\/2024\/01\/size-moodud-300x114.jpg 300w, https:\/\/omakujustus.ee\/wp-content\/uploads\/2024\/01\/size-moodud-800x305.jpg 800w, https:\/\/omakujustus.ee\/wp-content\/uploads\/2024\/01\/size-moodud-64x24.jpg 64w, https:\/\/omakujustus.ee\/wp-content\/uploads\/2024\/01\/size-moodud-1024x391.jpg 1024w, https:\/\/omakujustus.ee\/wp-content\/uploads\/2024\/01\/size-moodud-768x293.jpg 768w, https:\/\/omakujustus.ee\/wp-content\/uploads\/2024\/01\/size-moodud-1536x586.jpg 1536w, https:\/\/omakujustus.ee\/wp-content\/uploads\/2024\/01\/size-moodud-18x7.jpg 18w, https:\/\/omakujustus.ee\/wp-content\/uploads\/2024\/01\/size-moodud.jpg 2000w\" sizes=\"auto, (max-width: 400px) 100vw, 400px\" \/><\/p>\n<div class=\"wrapper-taille margin-bottom15\">\n<div class=\"scrolling-table\">\n<div class=\"wrapper-taille margin-bottom15\">\n<div class=\"scrolling-table\">Naiste mudeli suurused:<\/div>\n<div>\n<table>\n<tbody>\n<tr>\n<td><b>Suurus<\/b><\/td>\n<td><b>S<\/b><\/td>\n<td><b>M<\/b><\/td>\n<td><b>L<\/b><\/td>\n<td><b>XL<\/b><\/td>\n<td><b>2XL<\/b><\/td>\n<\/tr>\n<tr>\n<td><b>A rind<\/b><\/td>\n<td><b>41<\/b><\/td>\n<td><b>44<\/b><\/td>\n<td><b>47<\/b><\/td>\n<td><b>50<\/b><\/td>\n<td><b>53<\/b><\/td>\n<\/tr>\n<tr>\n<td><b>B pikkus<\/b><\/td>\n<td><b>61<\/b><\/td>\n<td><b>63<\/b><\/td>\n<td><b>65<\/b><\/td>\n<td><b>67<\/b><\/td>\n<td><b>69<\/b><\/td>\n<\/tr>\n<\/tbody>\n<\/table>\n<\/div>\n<div class=\"scrolling-table\"><span style=\"font-size: 16px;\">Meeste mudeli suurussed:<\/span><\/div>\n<div>\n<table>\n<tbody>\n<tr>\n<td><b>Suurus<\/b><\/td>\n<td><b>S<\/b><\/td>\n<td><b>M<\/b><\/td>\n<td><b>L<\/b><\/td>\n<td><b>XL<\/b><\/td>\n<td><b>2XL<\/b><\/td>\n<\/tr>\n<tr>\n<td><b>A rind<\/b><\/td>\n<td><b>50<\/b><\/td>\n<td><b>53<\/b><\/td>\n<td><b>56<\/b><\/td>\n<td><b>59<\/b><\/td>\n<td><b>62<\/b><\/td>\n<\/tr>\n<tr>\n<td><b>B pikkus<\/b><\/td>\n<td><b>70<\/b><\/td>\n<td><b>72<\/b><\/td>\n<td><b>74<\/b><\/td>\n<td><b>76<\/b><\/td>\n<td><b>78<\/b><\/td>\n<\/tr>\n<\/tbody>\n<\/table>\n<\/div>\n<\/div>\n<\/div>\n<\/div>\n<div class=\"wrapper-taille margin-bottom15\">\n<div class=\"scrolling-table\">\n<div class=\"wrapper-taille margin-bottom15\">\n<div class=\"scrolling-table\"><\/div>\n<\/div>\n<\/div>\n<\/div>\n","protected":false},"excerpt":{"rendered":"<p>Pealuu ja roosidega kujundus sobib nii meestele kui naistele.<\/p>\n","protected":false},"featured_media":3703,"template":"","meta":{"_acf_changed":false,"om_disable_all_campaigns":false,"_monsterinsights_skip_tracking":false,"_monsterinsights_sitenote_active":false,"_monsterinsights_sitenote_note":"","_monsterinsights_sitenote_category":0,"site-sidebar-layout":"default","site-content-layout":"default","ast-site-content-layout":"","site-content-style":"default","site-sidebar-style":"default","ast-global-header-display":"","ast-banner-title-visibility":"","ast-main-header-display":"","ast-hfb-above-header-display":"","ast-hfb-below-header-display":"","ast-hfb-mobile-header-display":"","site-post-title":"","ast-breadcrumbs-content":"","ast-featured-img":"","footer-sml-layout":"","theme-transparent-header-meta":"default","adv-header-id-meta":"","stick-header-meta":"","header-above-stick-meta":"","header-main-stick-meta":"","header-below-stick-meta":"","astra-migrate-meta-layouts":"default","ast-page-background-enabled":"default","ast-page-background-meta":{"desktop":{"background-color":"","background-image":"","background-repeat":"repeat","background-position":"center center","background-size":"auto","background-attachment":"scroll","background-type":"","background-media":"","overlay-type":"","overlay-color":"","overlay-opacity":"","overlay-gradient":""},"tablet":{"background-color":"","background-image":"","background-repeat":"repeat","background-position":"center center","background-size":"auto","background-attachment":"scroll","background-type":"","background-media":"","overlay-type":"","overlay-color":"","overlay-opacity":"","overlay-gradient":""},"mobile":{"background-color":"","background-image":"","background-repeat":"repeat","background-position":"center center","background-size":"auto","background-attachment":"scroll","background-type":"","background-media":"","overlay-type":"","overlay-color":"","overlay-opacity":"","overlay-gradient":""}},"ast-content-background-meta":{"desktop":{"background-color":"var(--ast-global-color-5)","background-image":"","background-repeat":"repeat","background-position":"center center","background-size":"auto","background-attachment":"scroll","background-type":"","background-media":"","overlay-type":"","overlay-color":"","overlay-opacity":"","overlay-gradient":""},"tablet":{"background-color":"var(--ast-global-color-5)","background-image":"","background-repeat":"repeat","background-position":"center center","background-size":"auto","background-attachment":"scroll","background-type":"","background-media":"","overlay-type":"","overlay-color":"","overlay-opacity":"","overlay-gradient":""},"mobile":{"background-color":"var(--ast-global-color-5)","background-image":"","background-repeat":"repeat","background-position":"center center","background-size":"auto","background-attachment":"scroll","background-type":"","background-media":"","overlay-type":"","overlay-color":"","overlay-opacity":"","overlay-gradient":""}}},"product_brand":[],"product_cat":[43,31,30,17],"product_tag":[],"class_list":{"0":"post-1274","1":"product","2":"type-product","3":"status-publish","4":"has-post-thumbnail","6":"product_cat-disainiga-tooted","7":"product_cat-meestele","8":"product_cat-naistele","9":"product_cat-unisex-disain","10":"pa_sugu-meeste","11":"pa_sugu-naiste","12":"pa_suurus-l","13":"pa_suurus-m","14":"pa_suurus-s","15":"pa_suurus-xl","16":"pa_suurus-xxl","17":"pa_tehnoloogia-presstrukk","18":"pa_trukk-glitter","19":"pa_trukk-klassikaline-matt","20":"pa_trukk-samet","21":"pa_varv-must","22":"pa_varv-valge","23":"desktop-align-left","24":"tablet-align-left","25":"mobile-align-left","27":"first","28":"instock","29":"taxable","30":"shipping-taxable","31":"purchasable","32":"product-type-simple"},"acf":[],"aioseo_notices":[],"_links":{"self":[{"href":"https:\/\/omakujustus.ee\/et\/wp-json\/wp\/v2\/product\/1274","targetHints":{"allow":["GET"]}}],"collection":[{"href":"https:\/\/omakujustus.ee\/et\/wp-json\/wp\/v2\/product"}],"about":[{"href":"https:\/\/omakujustus.ee\/et\/wp-json\/wp\/v2\/types\/product"}],"wp:featuredmedia":[{"embeddable":true,"href":"https:\/\/omakujustus.ee\/et\/wp-json\/wp\/v2\/media\/3703"}],"wp:attachment":[{"href":"https:\/\/omakujustus.ee\/et\/wp-json\/wp\/v2\/media?parent=1274"}],"wp:term":[{"taxonomy":"product_brand","embeddable":true,"href":"https:\/\/omakujustus.ee\/et\/wp-json\/wp\/v2\/product_brand?post=1274"},{"taxonomy":"product_cat","embeddable":true,"href":"https:\/\/omakujustus.ee\/et\/wp-json\/wp\/v2\/product_cat?post=1274"},{"taxonomy":"product_tag","embeddable":true,"href":"https:\/\/omakujustus.ee\/et\/wp-json\/wp\/v2\/product_tag?post=1274"}],"curies":[{"name":"wp","href":"https:\/\/api.w.org\/{rel}","templated":true}]}}