{"id":12055,"date":"2023-11-02T20:01:26","date_gmt":"2023-11-02T18:01:26","guid":{"rendered":"https:\/\/omakujustus.ee\/et\/product\/unisex-t-shirt\/"},"modified":"2025-07-09T20:28:23","modified_gmt":"2025-07-09T18:28:23","slug":"skeletoni-joulutuled-t-sark-jouludeks-unisex","status":"publish","type":"product","link":"https:\/\/omakujustus.ee\/et\/product\/skeletoni-joulutuled-t-sark-jouludeks-unisex\/","title":{"rendered":"Skeletoni j\u00f5ulutuled t-s\u00e4rk j\u00f5uludeks unisex"},"content":{"rendered":"<p>\u00dcks populaarseimaid, Unisex Jersey l\u00fchikeste varrukatega t-s\u00e4rk on valmistatud uskumatult pehmest, patenteeritud Airlume puuvillast. Igap\u00e4evase mugavuse tagamiseks on l\u00fchikeste k\u00e4istega t-s\u00e4rk Unisex Jersey sileda pinnaga ja m\u00f5jub naha vastas eriti pehmelt.<\/p>\n<p>Materjal: 100% Airlume puuvill;<br \/>\nAthletic Heather: 99% Airlume puuvill, 1% pol\u00fcester;<br \/>\nMaterjali paksus: 142 g\/m\u00b2<\/p>\n<p>Retail fit<\/p>\n","protected":false},"excerpt":{"rendered":"<p>Unisex t-s\u00e4rk p\u00fchadeks, kui j\u00f5ulutuled on s\u00fcdames.<\/p>\n","protected":false},"featured_media":12134,"template":"","meta":{"_acf_changed":false,"om_disable_all_campaigns":false,"_monsterinsights_skip_tracking":false,"_monsterinsights_sitenote_active":false,"_monsterinsights_sitenote_note":"","_monsterinsights_sitenote_category":0,"site-sidebar-layout":"default","site-content-layout":"default","ast-site-content-layout":"","site-content-style":"default","site-sidebar-style":"default","ast-global-header-display":"","ast-banner-title-visibility":"","ast-main-header-display":"","ast-hfb-above-header-display":"","ast-hfb-below-header-display":"","ast-hfb-mobile-header-display":"","site-post-title":"","ast-breadcrumbs-content":"","ast-featured-img":"","footer-sml-layout":"","theme-transparent-header-meta":"default","adv-header-id-meta":"","stick-header-meta":"","header-above-stick-meta":"","header-main-stick-meta":"","header-below-stick-meta":"","astra-migrate-meta-layouts":"default","ast-page-background-enabled":"default","ast-page-background-meta":{"desktop":{"background-color":"","background-image":"","background-repeat":"repeat","background-position":"center center","background-size":"auto","background-attachment":"scroll","background-type":"","background-media":"","overlay-type":"","overlay-color":"","overlay-opacity":"","overlay-gradient":""},"tablet":{"background-color":"","background-image":"","background-repeat":"repeat","background-position":"center center","background-size":"auto","background-attachment":"scroll","background-type":"","background-media":"","overlay-type":"","overlay-color":"","overlay-opacity":"","overlay-gradient":""},"mobile":{"background-color":"","background-image":"","background-repeat":"repeat","background-position":"center center","background-size":"auto","background-attachment":"scroll","background-type":"","background-media":"","overlay-type":"","overlay-color":"","overlay-opacity":"","overlay-gradient":""}},"ast-content-background-meta":{"desktop":{"background-color":"var(--ast-global-color-5)","background-image":"","background-repeat":"repeat","background-position":"center center","background-size":"auto","background-attachment":"scroll","background-type":"","background-media":"","overlay-type":"","overlay-color":"","overlay-opacity":"","overlay-gradient":""},"tablet":{"background-color":"var(--ast-global-color-5)","background-image":"","background-repeat":"repeat","background-position":"center center","background-size":"auto","background-attachment":"scroll","background-type":"","background-media":"","overlay-type":"","overlay-color":"","overlay-opacity":"","overlay-gradient":""},"mobile":{"background-color":"var(--ast-global-color-5)","background-image":"","background-repeat":"repeat","background-position":"center center","background-size":"auto","background-attachment":"scroll","background-type":"","background-media":"","overlay-type":"","overlay-color":"","overlay-opacity":"","overlay-gradient":""}}},"product_brand":[],"product_cat":[43,30,17],"product_tag":[586,607,608,579,606],"class_list":{"0":"post-12055","1":"product","2":"type-product","3":"status-publish","4":"has-post-thumbnail","6":"product_cat-disainiga-tooted","7":"product_cat-naistele","8":"product_cat-unisex-disain","9":"product_tag-joulud","10":"product_tag-joulupuhad","11":"product_tag-joulutuled","12":"product_tag-puhad","13":"product_tag-skeleton","14":"pa_kaelus-umar-kaelus","15":"pa_kaised-luhikesed-kaised","16":"pa_materjal-kombineeritud-kangas","17":"pa_materjali-paksus-140-169-g-m","18":"pa_sugu-naiste","19":"pa_sugu-unisex","20":"pa_tegumood-relaxed-fit","21":"pa_tehnoloogia-dtg","22":"pa_toote-tuup-t-sark","23":"desktop-align-left","24":"tablet-align-left","25":"mobile-align-left","27":"first","28":"instock","29":"taxable","30":"shipping-taxable","31":"purchasable","32":"product-type-variable","33":"has-default-attributes","34":"wvs-archive-product-wrapper"},"acf":[],"aioseo_notices":[],"_links":{"self":[{"href":"https:\/\/omakujustus.ee\/et\/wp-json\/wp\/v2\/product\/12055","targetHints":{"allow":["GET"]}}],"collection":[{"href":"https:\/\/omakujustus.ee\/et\/wp-json\/wp\/v2\/product"}],"about":[{"href":"https:\/\/omakujustus.ee\/et\/wp-json\/wp\/v2\/types\/product"}],"wp:featuredmedia":[{"embeddable":true,"href":"https:\/\/omakujustus.ee\/et\/wp-json\/wp\/v2\/media\/12134"}],"wp:attachment":[{"href":"https:\/\/omakujustus.ee\/et\/wp-json\/wp\/v2\/media?parent=12055"}],"wp:term":[{"taxonomy":"product_brand","embeddable":true,"href":"https:\/\/omakujustus.ee\/et\/wp-json\/wp\/v2\/product_brand?post=12055"},{"taxonomy":"product_cat","embeddable":true,"href":"https:\/\/omakujustus.ee\/et\/wp-json\/wp\/v2\/product_cat?post=12055"},{"taxonomy":"product_tag","embeddable":true,"href":"https:\/\/omakujustus.ee\/et\/wp-json\/wp\/v2\/product_tag?post=12055"}],"curies":[{"name":"wp","href":"https:\/\/api.w.org\/{rel}","templated":true}]}}