{"id":10172,"date":"2023-10-19T20:11:40","date_gmt":"2023-10-19T18:11:40","guid":{"rendered":"https:\/\/omakujustus.ee\/product\/unisex-sponge-fleece-pullover-hoodie-kapuutsiga-dressipluus\/"},"modified":"2025-07-24T04:26:48","modified_gmt":"2025-07-24T02:26:48","slug":"unisex-sponge-fleece-pullover-hoodie-kapuutsiga-dressipluus","status":"publish","type":"product","link":"https:\/\/omakujustus.ee\/et\/product\/unisex-sponge-fleece-pullover-hoodie-kapuutsiga-dressipluus\/","title":{"rendered":"Unisex Sponge Fleece Pullover Hoodie kapuutsiga dressipluus"},"content":{"rendered":"<p>Kui otsid mugavust ja stiili \u00fches, siis see fliisiga dressikas on just sulle. Dressipluus on valmistatud pehmest ja kvaliteetsest materjalist mis on ideaalne igap\u00e4evaseks kandmiseks. Kuna tegemist on klassikalisest \u00f5hema materjaliga, sobib see dressipluusiga ideaalselt ka aktiivsete tegevuste ajal kandmiseks.<br \/>\nKapuutsiga disain annab v\u00f5imaluse peita end tuule ja ilmataadi eest. Kapuutsil on valget v\u00e4rvi paelad, mis v\u00f5imaldab sul reguleerida kapuutsi sobivat suurust. Ees on k\u00e4ngurutasku k\u00e4te soojendamiseks v\u00f5i v\u00e4iksemate esemete kaasas kandmiseks.<\/p>\n<p>Materjal: 52% Airlume puuvill , 48% pol\u00fcester<br \/>\nHeather v\u00e4rvid: 60% Airlume puuvill , 40% pol\u00fcester<br \/>\nMaterjali paksus: 220 g\/m\u00b2<\/p>\n<p>Retail fit \/ Slim fit<\/p>\n","protected":false},"excerpt":{"rendered":"<p>Kitsama tegumoega kapuutsiga dressipluus.<\/p>\n","protected":false},"featured_media":0,"template":"","meta":{"_acf_changed":false,"om_disable_all_campaigns":false,"_monsterinsights_skip_tracking":false,"_monsterinsights_sitenote_active":false,"_monsterinsights_sitenote_note":"","_monsterinsights_sitenote_category":0,"site-sidebar-layout":"default","site-content-layout":"default","ast-site-content-layout":"","site-content-style":"default","site-sidebar-style":"default","ast-global-header-display":"","ast-banner-title-visibility":"","ast-main-header-display":"","ast-hfb-above-header-display":"","ast-hfb-below-header-display":"","ast-hfb-mobile-header-display":"","site-post-title":"","ast-breadcrumbs-content":"","ast-featured-img":"","footer-sml-layout":"","theme-transparent-header-meta":"default","adv-header-id-meta":"","stick-header-meta":"","header-above-stick-meta":"","header-main-stick-meta":"","header-below-stick-meta":"","astra-migrate-meta-layouts":"default","ast-page-background-enabled":"default","ast-page-background-meta":{"desktop":{"background-color":"","background-image":"","background-repeat":"repeat","background-position":"center center","background-size":"auto","background-attachment":"scroll","background-type":"","background-media":"","overlay-type":"","overlay-color":"","overlay-opacity":"","overlay-gradient":""},"tablet":{"background-color":"","background-image":"","background-repeat":"repeat","background-position":"center center","background-size":"auto","background-attachment":"scroll","background-type":"","background-media":"","overlay-type":"","overlay-color":"","overlay-opacity":"","overlay-gradient":""},"mobile":{"background-color":"","background-image":"","background-repeat":"repeat","background-position":"center center","background-size":"auto","background-attachment":"scroll","background-type":"","background-media":"","overlay-type":"","overlay-color":"","overlay-opacity":"","overlay-gradient":""}},"ast-content-background-meta":{"desktop":{"background-color":"var(--ast-global-color-5)","background-image":"","background-repeat":"repeat","background-position":"center center","background-size":"auto","background-attachment":"scroll","background-type":"","background-media":"","overlay-type":"","overlay-color":"","overlay-opacity":"","overlay-gradient":""},"tablet":{"background-color":"var(--ast-global-color-5)","background-image":"","background-repeat":"repeat","background-position":"center center","background-size":"auto","background-attachment":"scroll","background-type":"","background-media":"","overlay-type":"","overlay-color":"","overlay-opacity":"","overlay-gradient":""},"mobile":{"background-color":"var(--ast-global-color-5)","background-image":"","background-repeat":"repeat","background-position":"center center","background-size":"auto","background-attachment":"scroll","background-type":"","background-media":"","overlay-type":"","overlay-color":"","overlay-opacity":"","overlay-gradient":""}}},"product_brand":[],"product_cat":[36,804],"product_tag":[],"class_list":{"0":"post-10172","1":"product","2":"type-product","3":"status-publish","5":"product_cat-disainita-tooted","6":"product_cat-pusad-dressipluusid","7":"pa_kaised-pikad-kaised","8":"pa_kapuuts-kapuutsiga","9":"pa_materjal-kombineeritud-kangas","10":"pa_materjali-paksus-200-249-g-m","11":"pa_sugu-meeste","12":"pa_sugu-naiste","13":"pa_sugu-unisex","14":"pa_suurus-2xl","15":"pa_suurus-l","16":"pa_suurus-m","17":"pa_suurus-s","18":"pa_suurus-xl","19":"pa_suurus-xs","20":"pa_tegumood-retail-fit","21":"pa_tegumood-slim-fit","22":"pa_toote-tuup-pusa-dressipluus","23":"pa_varv-black","24":"pa_varv-forest","25":"pa_varv-gold","26":"pa_varv-heather-slate","27":"pa_varv-lilac","28":"pa_varv-navy","29":"pa_varv-tan","30":"pa_varv-true-royal","31":"pa_varv-white","32":"desktop-align-left","33":"tablet-align-left","34":"mobile-align-left","36":"first","37":"instock","38":"taxable","39":"shipping-taxable","40":"purchasable","41":"product-type-variable","42":"wvs-archive-product-wrapper"},"acf":[],"aioseo_notices":[],"_links":{"self":[{"href":"https:\/\/omakujustus.ee\/et\/wp-json\/wp\/v2\/product\/10172","targetHints":{"allow":["GET"]}}],"collection":[{"href":"https:\/\/omakujustus.ee\/et\/wp-json\/wp\/v2\/product"}],"about":[{"href":"https:\/\/omakujustus.ee\/et\/wp-json\/wp\/v2\/types\/product"}],"wp:attachment":[{"href":"https:\/\/omakujustus.ee\/et\/wp-json\/wp\/v2\/media?parent=10172"}],"wp:term":[{"taxonomy":"product_brand","embeddable":true,"href":"https:\/\/omakujustus.ee\/et\/wp-json\/wp\/v2\/product_brand?post=10172"},{"taxonomy":"product_cat","embeddable":true,"href":"https:\/\/omakujustus.ee\/et\/wp-json\/wp\/v2\/product_cat?post=10172"},{"taxonomy":"product_tag","embeddable":true,"href":"https:\/\/omakujustus.ee\/et\/wp-json\/wp\/v2\/product_tag?post=10172"}],"curies":[{"name":"wp","href":"https:\/\/api.w.org\/{rel}","templated":true}]}}