{"id":233,"date":"2021-02-21T23:17:35","date_gmt":"2021-02-21T21:17:35","guid":{"rendered":"https:\/\/omakujustus.ee\/?page_id=233"},"modified":"2023-02-07T20:53:47","modified_gmt":"2023-02-07T18:53:47","slug":"privaatsustingimused","status":"publish","type":"page","link":"https:\/\/omakujustus.ee\/et\/privaatsustingimused\/","title":{"rendered":"PRIVAATSUSTINGIMUSED"},"content":{"rendered":"\t\t<div data-elementor-type=\"wp-page\" data-elementor-id=\"233\" class=\"elementor elementor-233\" data-elementor-post-type=\"page\">\n\t\t\t\t\t\t<section class=\"elementor-section elementor-top-section elementor-element elementor-element-30840ccc elementor-section-boxed elementor-section-height-default elementor-section-height-default\" data-id=\"30840ccc\" data-element_type=\"section\" data-e-type=\"section\">\n\t\t\t\t\t\t<div class=\"elementor-container elementor-column-gap-default\">\n\t\t\t\t\t<div class=\"elementor-column elementor-col-100 elementor-top-column elementor-element elementor-element-4af010f7\" data-id=\"4af010f7\" data-element_type=\"column\" data-e-type=\"column\">\n\t\t\t<div class=\"elementor-widget-wrap elementor-element-populated\">\n\t\t\t\t\t\t<div class=\"elementor-element elementor-element-575a923a elementor-widget-divider--view-line_text elementor-widget-divider--element-align-center elementor-widget elementor-widget-divider\" data-id=\"575a923a\" data-element_type=\"widget\" data-e-type=\"widget\" data-widget_type=\"divider.default\">\n\t\t\t\t<div class=\"elementor-widget-container\">\n\t\t\t\t\t\t\t<div class=\"elementor-divider\">\n\t\t\t<span class=\"elementor-divider-separator\">\n\t\t\t\t\t\t\t<h1 class=\"elementor-divider__text elementor-divider__element\">\n\t\t\t\tANDMEKAITSETINGIMUSED JA K\u00dcPSISEPOLIITIKA\t\t\t\t<\/h1>\n\t\t\t\t\t\t<\/span>\n\t\t<\/div>\n\t\t\t\t\t\t<\/div>\n\t\t\t\t<\/div>\n\t\t\t\t<div class=\"elementor-element elementor-element-b5128c6 elementor-widget elementor-widget-text-editor\" data-id=\"b5128c6\" data-element_type=\"widget\" data-e-type=\"widget\" data-widget_type=\"text-editor.default\">\n\t\t\t\t<div class=\"elementor-widget-container\">\n\t\t\t\t\t\t\t\t\t<p>K\u00e4esolevates andmekaitsetingimustes kirjeldatakse, kuidas ja mis eesm\u00e4rkidel me Teie isikuandeid t\u00f6\u00f6tleme. \u00dchtlasi selgitatakse k\u00e4esolevas teatises Teie \u00f5igusi seoses isikuandmete t\u00f6\u00f6tlemisega.<\/p><p>Isikuandmete vastutav t\u00f6\u00f6tleja on Ailisilia O\u00dc (registrikood 14673317) asukohaga Vindi tn 7, Tallinn, Harjumaa 11315.<\/p>\t\t\t\t\t\t\t\t<\/div>\n\t\t\t\t<\/div>\n\t\t\t\t<div class=\"elementor-element elementor-element-10a6e9a3 elementor-widget elementor-widget-heading\" data-id=\"10a6e9a3\" data-element_type=\"widget\" data-e-type=\"widget\" data-widget_type=\"heading.default\">\n\t\t\t\t<div class=\"elementor-widget-container\">\n\t\t\t\t\t<h3 class=\"elementor-heading-title elementor-size-default\">1. Milliseid isikuandmeid me t\u00f6\u00f6tleme<\/h3>\t\t\t\t<\/div>\n\t\t\t\t<\/div>\n\t\t\t\t<div class=\"elementor-element elementor-element-4868d1b elementor-widget elementor-widget-text-editor\" data-id=\"4868d1b\" data-element_type=\"widget\" data-e-type=\"widget\" data-widget_type=\"text-editor.default\">\n\t\t\t\t<div class=\"elementor-widget-container\">\n\t\t\t\t\t\t\t\t\t<p>Andmesubjekti p\u00f5hiandmed, n\u00e4iteks ettev\u00f5tte kontaktisiku ees- ja perekonnanimi, ametikoht, sugu, elukohariik, kasutuskeel, kontaktisikute roll\/ametinimetus ja ametialased huvid;<\/p><p>Andmesubjekti kontaktandmed, n\u00e4iteks telefon, e-post.<\/p>\t\t\t\t\t\t\t\t<\/div>\n\t\t\t\t<\/div>\n\t\t\t\t<div class=\"elementor-element elementor-element-20bdbb6b elementor-widget elementor-widget-heading\" data-id=\"20bdbb6b\" data-element_type=\"widget\" data-e-type=\"widget\" data-widget_type=\"heading.default\">\n\t\t\t\t<div class=\"elementor-widget-container\">\n\t\t\t\t\t<h3 class=\"elementor-heading-title elementor-size-default\">2. Mis on isikuandmete t\u00f6\u00f6tlemise \u00f5iguslikud alused ja eesm\u00e4rgid<\/h3>\t\t\t\t<\/div>\n\t\t\t\t<\/div>\n\t\t\t\t<div class=\"elementor-element elementor-element-746e0ea elementor-widget elementor-widget-text-editor\" data-id=\"746e0ea\" data-element_type=\"widget\" data-e-type=\"widget\" data-widget_type=\"text-editor.default\">\n\t\t\t\t<div class=\"elementor-widget-container\">\n\t\t\t\t\t\t\t\t\t<p>Isikuandmete t\u00f6\u00f6tlemise aluseks on lepingu t\u00e4itmine ja Ailisilia O\u00dc\u00a0 \u00f5igustatud huvi (n\u00e4iteks nt kliendisuhete haldamine, arveteesitamine).<\/p><p><span style=\"font-style: inherit; font-weight: inherit; color: var( --e-global-color-secondary );\">Uudiskirjade tellimine toimub andmesubjekti n\u00f5usolekul.<\/span><\/p><p>Isikuandmete t\u00f6\u00f6tlemise eesm\u00e4rgid on:<\/p><ul><li>meie teenuste k\u00e4ttetoimetamine, hooldamine ja arendamine;<\/li><li>meie lepinguliste suhete ja muude kohustuste t\u00e4itmine;<\/li><li>meie lepinguliste ja seadustest tulenevate \u00f5iguste tagamine ja kaitsmine;<\/li><li>kliendisuhete haldamine ja klientidega suhtlemine;<\/li><li>\u00fcrituste korraldamine.<\/li><\/ul><p>Meie veebilehe kasutaja IP-aadressi v\u00f5i teisi v\u00f5rguidentifikaatoreid t\u00f6\u00f6deldakse info\u00fchiskonna teenuse osutamiseks ning veebikasutusstatistika tegemiseks.<\/p>\t\t\t\t\t\t\t\t<\/div>\n\t\t\t\t<\/div>\n\t\t\t\t<div class=\"elementor-element elementor-element-6754ef94 elementor-widget elementor-widget-heading\" data-id=\"6754ef94\" data-element_type=\"widget\" data-e-type=\"widget\" data-widget_type=\"heading.default\">\n\t\t\t\t<div class=\"elementor-widget-container\">\n\t\t\t\t\t<h3 class=\"elementor-heading-title elementor-size-default\">3. Kus kohast saame isikuandmeid<\/h3>\t\t\t\t<\/div>\n\t\t\t\t<\/div>\n\t\t\t\t<div class=\"elementor-element elementor-element-5c4a4f88 elementor-widget elementor-widget-text-editor\" data-id=\"5c4a4f88\" data-element_type=\"widget\" data-e-type=\"widget\" data-widget_type=\"text-editor.default\">\n\t\t\t\t<div class=\"elementor-widget-container\">\n\t\t\t\t\t\t\t\t\t<p>Saame andmesubjektiga seotud isikuandmeid peamiselt andmesubjektilt endalt.<\/p><p>Selliste andmete ajakohastamine toimub, kas manuaalselt v\u00f5i automaatselt.<\/p>\t\t\t\t\t\t\t\t<\/div>\n\t\t\t\t<\/div>\n\t\t\t\t<div class=\"elementor-element elementor-element-40cd251f elementor-widget elementor-widget-heading\" data-id=\"40cd251f\" data-element_type=\"widget\" data-e-type=\"widget\" data-widget_type=\"heading.default\">\n\t\t\t\t<div class=\"elementor-widget-container\">\n\t\t\t\t\t<h3 class=\"elementor-heading-title elementor-size-default\">4. Kellele isikuandmeid avaldame ja kas edastame isikuandmeid v\u00e4ljaspoole EL-i v\u00f5i EMP-i<\/h3>\t\t\t\t<\/div>\n\t\t\t\t<\/div>\n\t\t\t\t<div class=\"elementor-element elementor-element-20bb8e22 elementor-widget elementor-widget-text-editor\" data-id=\"20bb8e22\" data-element_type=\"widget\" data-e-type=\"widget\" data-widget_type=\"text-editor.default\">\n\t\t\t\t<div class=\"elementor-widget-container\">\n\t\t\t\t\t\t\t\t\t<p>T\u00f6\u00f6tleme informatsiooni ise ja kasutame volitatud t\u00f6\u00f6tlejaid, kes t\u00f6\u00f6tlevad isikuandmeid meie nimel ja meie eest, n\u00e4iteks pakkudes meie veebilehe hooldus- ja kliendituge, pilvandmet\u00f6\u00f6tlusteenuste hooldust ja hostimist ja IT-keskkonda. Teie isikuandmete kaitsmiseks oleme s\u00f5lminud isikuandmete t\u00f6\u00f6tlemise lepingud k\u00f5ikide eelnimetatud volitatud t\u00f6\u00f6tlejatega, kes t\u00f6\u00f6tlevad Teie isikuandmeid meie nimel ja meie eest.<\/p><p>V\u00f5ime avaldada andmeid ametiasutustele, kui selline kohustus tuleneb \u00f5igusaktidest.<\/p><p>Me ei edasta ega avalda klientidega seotud isikuandmeid v\u00e4ljaspoole EL-i\/EMP-i.<\/p>\t\t\t\t\t\t\t\t<\/div>\n\t\t\t\t<\/div>\n\t\t\t\t<div class=\"elementor-element elementor-element-68f511b6 elementor-widget elementor-widget-heading\" data-id=\"68f511b6\" data-element_type=\"widget\" data-e-type=\"widget\" data-widget_type=\"heading.default\">\n\t\t\t\t<div class=\"elementor-widget-container\">\n\t\t\t\t\t<h3 class=\"elementor-heading-title elementor-size-default\">5. Kuidas me isikuandmeid kaitseme ja kui kaua me neid s\u00e4ilitame<\/h3>\t\t\t\t<\/div>\n\t\t\t\t<\/div>\n\t\t\t\t<div class=\"elementor-element elementor-element-61382faa elementor-widget elementor-widget-text-editor\" data-id=\"61382faa\" data-element_type=\"widget\" data-e-type=\"widget\" data-widget_type=\"text-editor.default\">\n\t\t\t\t<div class=\"elementor-widget-container\">\n\t\t\t\t\t\t\t\t\t<p>Isikuandmeid hoitakse serverites, mis asuvad Euroopa Liidu liikmesriigi v\u00f5i Euroopa Liidu majanduspiirkonnaga liitunud riikide territooriumil.<\/p><p>Juurdep\u00e4\u00e4s isikuandmeid sisaldavatele s\u00fcsteemidele on lubatud ainult nendele meie t\u00f6\u00f6tajatele, kes oma t\u00f6\u00f6\u00fclesannetest tulenevalt peavad t\u00f6\u00f6tlema andmesubjektide andmeid. Igal kasutajal on s\u00fcsteemi sisenemiseks personaalne kasutajanimi ja salas\u00f5na. Andmeid kogutakse andmebaasidesse, mis on kaitstud tulem\u00fc\u00fcride, paroolide ja muude tehniliste meetmete abil.\u00a0<\/p><p>S\u00e4ilitame isikuandmeid nii kaua kui see on vajalik, v\u00f5ttes arvesse isikuandmete t\u00f6\u00f6tlemise eesm\u00e4rki.<\/p><p>Klientide isikuandmeid t\u00f6\u00f6deldakse ja s\u00e4ilitatakse kliendisuhte ajal ja seni kuni me osutame teenuseid ja kolm (3) aastat p\u00e4rast kliendisuhte v\u00f5i teenuste osutamise l\u00f5ppemist, kui \u00f5igusaktidega ei n\u00f5uta teisiti.<\/p><p>Vaatame regulaarselt \u00fcle andmete s\u00e4ilitamise vajadust, v\u00f5ttes seejuures arvesse kohaldatavat \u00f5igust. Lisaks, v\u00f5tame tarvitusele k\u00f5iki m\u00f5istlikke meetmeid, et registris ei s\u00e4ilitataks isikuandmete t\u00f6\u00f6tlemise eesm\u00e4rkidega vastuolus olevaid, vananenud v\u00f5i ebat\u00e4pseid isikuandmeid. Parandame v\u00f5i kustutame sellised andmed viivitamatult.<\/p>\t\t\t\t\t\t\t\t<\/div>\n\t\t\t\t<\/div>\n\t\t\t\t<div class=\"elementor-element elementor-element-7d228b80 elementor-widget elementor-widget-heading\" data-id=\"7d228b80\" data-element_type=\"widget\" data-e-type=\"widget\" data-widget_type=\"heading.default\">\n\t\t\t\t<div class=\"elementor-widget-container\">\n\t\t\t\t\t<h3 class=\"elementor-heading-title elementor-size-default\">6. Millised \u00f5igused on Teil kui andmesubjektil<\/h3>\t\t\t\t<\/div>\n\t\t\t\t<\/div>\n\t\t\t\t<div class=\"elementor-element elementor-element-31fb3853 elementor-widget elementor-widget-text-editor\" data-id=\"31fb3853\" data-element_type=\"widget\" data-e-type=\"widget\" data-widget_type=\"text-editor.default\">\n\t\t\t\t<div class=\"elementor-widget-container\">\n\t\t\t\t\t\t\t\t\t<p>Andmesubjektina on Teil \u00f5igus taotleda juurdep\u00e4\u00e4su registrisse kogutud Teid puudutavatele isikuandmetele ning Teil on \u00f5igus n\u00f5uda isikuandmete parandamist v\u00f5i kustutamist.<\/p><p>Teil on samuti \u00f5igus v\u00f5tta tagasi v\u00f5i muuta oma isikuandmete t\u00f6\u00f6tlemiseks antud n\u00f5usolekut olukordades, kus t\u00f6\u00f6tlemine p\u00f5hineb Teie n\u00f5usolekul. Andmesubjektina on Teil \u00f5igus, vastavalt EL-i isikuandmete kaitse \u00fcldm\u00e4\u00e4rusele (EU 2016\/679) esitada vastuv\u00e4iteid isikuandmete t\u00f6\u00f6tlemisele v\u00f5i piirata isikuandmete t\u00f6\u00f6tlemist.<\/p><p>Lisaks on teil \u00f5igus n\u00f5uda, et Teie andmed edastatakse Teile \u00fcldkasutatavas vormingus, kui andmete t\u00f6\u00f6tlemine p\u00f5hineb Teie n\u00f5usolekul v\u00f5i meie vahel s\u00f5lmitud lepingul.<\/p><p>Teil on samuti \u00f5igus esitada kaebus Teie jurisdiktsioonis asuvale andmekaitse j\u00e4relevalveasutusele.<\/p><p>Andmesubjektina on Teil igal ajal \u00f5igus esitada vastuv\u00e4iteid otseturunduse osas, sealhulgas profileerimise otseturunduse eesm\u00e4rgil.<\/p>\t\t\t\t\t\t\t\t<\/div>\n\t\t\t\t<\/div>\n\t\t\t\t<div class=\"elementor-element elementor-element-10c0256c elementor-widget elementor-widget-heading\" data-id=\"10c0256c\" data-element_type=\"widget\" data-e-type=\"widget\" data-widget_type=\"heading.default\">\n\t\t\t\t<div class=\"elementor-widget-container\">\n\t\t\t\t\t<h3 class=\"elementor-heading-title elementor-size-default\">7. Kuidas ja millistel eesm\u00e4rkidel me kasutame k\u00fcpsiseid<\/h3>\t\t\t\t<\/div>\n\t\t\t\t<\/div>\n\t\t\t\t<div class=\"elementor-element elementor-element-432b26f4 elementor-widget elementor-widget-text-editor\" data-id=\"432b26f4\" data-element_type=\"widget\" data-e-type=\"widget\" data-widget_type=\"text-editor.default\">\n\t\t\t\t<div class=\"elementor-widget-container\">\n\t\t\t\t\t\t\t\t\t<p>Kasutame oma veebilehel k\u00fcpsiseid, et muuta oma teenus kasutajas\u00f5bralikumaks ja pakkuda t\u00e4iustatud ja kohandatud funktsioone veebisaidi ja toodete k\u00fclastamisel.<\/p><p>Paljud veebibrauserid pakuvad Teile v\u00f5imalust v\u00e4ltida kolmandate isikute pakutavaid k\u00fcpsiseid. Kui see on seadistustega v\u00f5imaldatud, lubab veebibrauser veebisaidi kaudu salvestada ainult selle veebiteenuse k\u00fcpsiseid, mida te parajasti k\u00fclastate. Vastava valiku tegemine on v\u00f5imalik veebibrauseri seadistuste kaudu (see valik v\u00e4listab k\u00f5igi\u00a0<span style=\"font-style: inherit; font-weight: inherit; color: var( --e-global-color-secondary );\">kolmandate osapoolte k\u00fcpsiste toimimise).<\/span><\/p><p>Veebibrauseri k\u00fcpsiste vahem\u00e4lu saate oma veebibrauseri seadistuste kaudu kustutada. K\u00fcpsise kustutamine kustutab brauseri vahem\u00e4llu salvestatud unikaalse identifikaatori koos sellele lisatud veebip\u00f5hise profiiliga. K\u00fcpsise vahem\u00e4lu\u00a0<span style=\"font-style: inherit; font-weight: inherit; color: var( --e-global-color-secondary );\">kustutamine ei takista uute k\u00fcpsiste salvestamist tulevikus.<\/span><\/p>\t\t\t\t\t\t\t\t<\/div>\n\t\t\t\t<\/div>\n\t\t\t\t<div class=\"elementor-element elementor-element-36f0f9a2 elementor-widget elementor-widget-heading\" data-id=\"36f0f9a2\" data-element_type=\"widget\" data-e-type=\"widget\" data-widget_type=\"heading.default\">\n\t\t\t\t<div class=\"elementor-widget-container\">\n\t\t\t\t\t<h3 class=\"elementor-heading-title elementor-size-default\"><h3 style=\"line-height: 1.2em\"><span style=\"color: var( --e-global-color-secondary );font-family: Poppins, sans-serif;font-size: 1.78571rem;font-style: inherit;font-weight: 600\">8. Mis t\u00fc\u00fcpi k\u00fcpsiseid me kasutame?<\/span><\/h3><\/h3>\t\t\t\t<\/div>\n\t\t\t\t<\/div>\n\t\t\t\t<div class=\"elementor-element elementor-element-2e91e7a elementor-widget elementor-widget-text-editor\" data-id=\"2e91e7a\" data-element_type=\"widget\" data-e-type=\"widget\" data-widget_type=\"text-editor.default\">\n\t\t\t\t<div class=\"elementor-widget-container\">\n\t\t\t\t\t\t\t\t\t<p>Kasutame anal\u00fc\u00fcsik\u00fcpsiseid, mis v\u00f5imaldavad meil veebisaidil viibijaid \u00e4ra tunda, loendada ja tuvastada veebisaidil liikumist. Seda me teeme selleks, et parendada oma veebisaidi t\u00f6\u00f6d.<\/p>\t\t\t\t\t\t\t\t<\/div>\n\t\t\t\t<\/div>\n\t\t\t\t<div class=\"elementor-element elementor-element-388f7c4f elementor-widget elementor-widget-heading\" data-id=\"388f7c4f\" data-element_type=\"widget\" data-e-type=\"widget\" data-widget_type=\"heading.default\">\n\t\t\t\t<div class=\"elementor-widget-container\">\n\t\t\t\t\t<h3 class=\"elementor-heading-title elementor-size-default\">9. K\u00e4esolevate andmekaitsetingimuste v\u00f5imalikud muudatused<\/h3>\t\t\t\t<\/div>\n\t\t\t\t<\/div>\n\t\t\t\t<div class=\"elementor-element elementor-element-66b7a42a elementor-widget elementor-widget-text-editor\" data-id=\"66b7a42a\" data-element_type=\"widget\" data-e-type=\"widget\" data-widget_type=\"text-editor.default\">\n\t\t\t\t<div class=\"elementor-widget-container\">\n\t\t\t\t\t\t\t\t\t<p>Juhul kui peaksime k\u00e4esolevaid andmekaitsetingimusi muutma, lisame meie veebisaidile muudetud andmekaitsetingimused koos viitega muudatuse j\u00f5ustumise kuup\u00e4evale. Juhul kui muudatused on olulised, v\u00f5ime Teid ka sellest teavitada muul viisil, n\u00e4iteks saates e-kirja v\u00f5i avaldades ametliku teavituse meie kodulehel.<\/p><p>Soovitame Teil aeg-ajalt andmekaitsetingimusi \u00fcle vaadata, et olla kursis v\u00f5imalike tehtud muudatustega.<\/p>\t\t\t\t\t\t\t\t<\/div>\n\t\t\t\t<\/div>\n\t\t\t\t\t<\/div>\n\t\t<\/div>\n\t\t\t\t\t<\/div>\n\t\t<\/section>\n\t\t\t\t<section class=\"elementor-section elementor-top-section elementor-element elementor-element-7bb2de3b elementor-section-boxed elementor-section-height-default elementor-section-height-default\" data-id=\"7bb2de3b\" data-element_type=\"section\" data-e-type=\"section\">\n\t\t\t\t\t\t<div class=\"elementor-container elementor-column-gap-default\">\n\t\t\t\t\t<div class=\"elementor-column elementor-col-100 elementor-top-column elementor-element elementor-element-d28f2b2\" data-id=\"d28f2b2\" data-element_type=\"column\" data-e-type=\"column\">\n\t\t\t<div class=\"elementor-widget-wrap elementor-element-populated\">\n\t\t\t\t\t\t<div class=\"elementor-element elementor-element-7b141ffc elementor-widget elementor-widget-shortcode\" data-id=\"7b141ffc\" data-element_type=\"widget\" data-e-type=\"widget\" data-widget_type=\"shortcode.default\">\n\t\t\t\t<div class=\"elementor-widget-container\">\n\t\t\t\t\t\t\t<div class=\"elementor-shortcode\">[instagram-feed]\n<\/div>\n\t\t\t\t\t\t<\/div>\n\t\t\t\t<\/div>\n\t\t\t\t\t<\/div>\n\t\t<\/div>\n\t\t\t\t\t<\/div>\n\t\t<\/section>\n\t\t\t\t<\/div>\n\t\t","protected":false},"excerpt":{"rendered":"<p>ANDMEKAITSETINGIMUSED JA K\u00dcPSISEPOLIITIKA K\u00e4esolevates andmekaitsetingimustes kirjeldatakse, kuidas ja mis eesm\u00e4rkidel me Teie isikuandeid t\u00f6\u00f6tleme. \u00dchtlasi selgitatakse k\u00e4esolevas teatises Teie \u00f5igusi seoses isikuandmete t\u00f6\u00f6tlemisega. Isikuandmete vastutav t\u00f6\u00f6tleja on Ailisilia O\u00dc (registrikood 14673317) asukohaga Vindi tn 7, Tallinn, Harjumaa 11315. 1. Milliseid isikuandmeid me t\u00f6\u00f6tleme Andmesubjekti p\u00f5hiandmed, n\u00e4iteks ettev\u00f5tte kontaktisiku ees- ja perekonnanimi, ametikoht, sugu, elukohariik, kasutuskeel, [&hellip;]<\/p>\n","protected":false},"author":1,"featured_media":0,"parent":0,"menu_order":0,"comment_status":"closed","ping_status":"closed","template":"","meta":{"_acf_changed":false,"om_disable_all_campaigns":false,"_monsterinsights_skip_tracking":false,"_monsterinsights_sitenote_active":false,"_monsterinsights_sitenote_note":"","_monsterinsights_sitenote_category":0,"site-sidebar-layout":"no-sidebar","site-content-layout":"page-builder","ast-site-content-layout":"","site-content-style":"default","site-sidebar-style":"default","ast-global-header-display":"","ast-banner-title-visibility":"","ast-main-header-display":"","ast-hfb-above-header-display":"","ast-hfb-below-header-display":"","ast-hfb-mobile-header-display":"","site-post-title":"disabled","ast-breadcrumbs-content":"","ast-featured-img":"disabled","footer-sml-layout":"","theme-transparent-header-meta":"default","adv-header-id-meta":"","stick-header-meta":"","header-above-stick-meta":"","header-main-stick-meta":"","header-below-stick-meta":"","astra-migrate-meta-layouts":"default","ast-page-background-enabled":"default","ast-page-background-meta":{"desktop":{"background-color":"","background-image":"","background-repeat":"repeat","background-position":"center center","background-size":"auto","background-attachment":"scroll","background-type":"","background-media":"","overlay-type":"","overlay-color":"","overlay-opacity":"","overlay-gradient":""},"tablet":{"background-color":"","background-image":"","background-repeat":"repeat","background-position":"center center","background-size":"auto","background-attachment":"scroll","background-type":"","background-media":"","overlay-type":"","overlay-color":"","overlay-opacity":"","overlay-gradient":""},"mobile":{"background-color":"","background-image":"","background-repeat":"repeat","background-position":"center center","background-size":"auto","background-attachment":"scroll","background-type":"","background-media":"","overlay-type":"","overlay-color":"","overlay-opacity":"","overlay-gradient":""}},"ast-content-background-meta":{"desktop":{"background-color":"var(--ast-global-color-5)","background-image":"","background-repeat":"repeat","background-position":"center center","background-size":"auto","background-attachment":"scroll","background-type":"","background-media":"","overlay-type":"","overlay-color":"","overlay-opacity":"","overlay-gradient":""},"tablet":{"background-color":"var(--ast-global-color-5)","background-image":"","background-repeat":"repeat","background-position":"center center","background-size":"auto","background-attachment":"scroll","background-type":"","background-media":"","overlay-type":"","overlay-color":"","overlay-opacity":"","overlay-gradient":""},"mobile":{"background-color":"var(--ast-global-color-5)","background-image":"","background-repeat":"repeat","background-position":"center center","background-size":"auto","background-attachment":"scroll","background-type":"","background-media":"","overlay-type":"","overlay-color":"","overlay-opacity":"","overlay-gradient":""}},"footnotes":""},"class_list":["post-233","page","type-page","status-publish","hentry"],"acf":[],"aioseo_notices":[],"_links":{"self":[{"href":"https:\/\/omakujustus.ee\/et\/wp-json\/wp\/v2\/pages\/233","targetHints":{"allow":["GET"]}}],"collection":[{"href":"https:\/\/omakujustus.ee\/et\/wp-json\/wp\/v2\/pages"}],"about":[{"href":"https:\/\/omakujustus.ee\/et\/wp-json\/wp\/v2\/types\/page"}],"author":[{"embeddable":true,"href":"https:\/\/omakujustus.ee\/et\/wp-json\/wp\/v2\/users\/1"}],"replies":[{"embeddable":true,"href":"https:\/\/omakujustus.ee\/et\/wp-json\/wp\/v2\/comments?post=233"}],"version-history":[{"count":13,"href":"https:\/\/omakujustus.ee\/et\/wp-json\/wp\/v2\/pages\/233\/revisions"}],"predecessor-version":[{"id":3520,"href":"https:\/\/omakujustus.ee\/et\/wp-json\/wp\/v2\/pages\/233\/revisions\/3520"}],"wp:attachment":[{"href":"https:\/\/omakujustus.ee\/et\/wp-json\/wp\/v2\/media?parent=233"}],"curies":[{"name":"wp","href":"https:\/\/api.w.org\/{rel}","templated":true}]}}